{"id":103,"date":"2017-11-12T17:05:30","date_gmt":"2017-11-12T16:05:30","guid":{"rendered":"http:\/\/faktoria-pruszcz.pl\/?page_id=103"},"modified":"2018-05-22T14:50:34","modified_gmt":"2018-05-22T12:50:34","slug":"o-faktorii","status":"publish","type":"page","link":"https:\/\/faktoria-pruszcz.pl\/?page_id=103","title":{"rendered":"O faktorii"},"content":{"rendered":"<p>W przesz\u0142o\u015bci Pruszcz Gda\u0144ski znajdowa\u0142 si\u0119 nad jeziorem lagunowym, gwarantuj\u0105cym bezpo\u015brednie po\u0142\u0105czenie z morzem. Tym samym obszar ten stanowi\u0142 jeden z ko\u0144cowych punkt\u00f3w na szlaku \u0142\u0105cz\u0105cym bursztynono\u015bne wybrze\u017ca Ba\u0142tyku z terenami Cesarstwa Rzymskiego. Po\u0142o\u017cenie nad \u00f3wczesnym jeziorem wp\u0142ywa\u0142o zar\u00f3wno na rozw\u00f3j kontakt\u00f3w handlowych, jak i wzbogaca\u0142o diet\u0119 mieszka\u0144c\u00f3w w produkty pochodzenia morskiego. Poza czynnikami hydrologicznymi na rozw\u00f3j osadnictwa wp\u0142yn\u0119\u0142o korzystne nizinne ukszta\u0142towanie terenu, a tak\u017ce znajduj\u0105ce si\u0119 tu \u017cyzne gleby pogranicza \u017bu\u0142aw Wi\u015blanych z Pobrze\u017cem Wschodniopomorskim. Pomi\u0119dzy II w. p.n.e. a V w. n.e. obszar dzisiejszego Pruszcza Gda\u0144skiego, a tak\u017ce jego najbli\u017csza okolica, stanowi\u0142y jeden z najbardziej znacz\u0105cych kompleks\u00f3w osadniczych Pomorza. Odnajdywane relikty zabudowy oraz nekropolie, podkre\u015blaj\u0105 jak silnie rozwini\u0119ta gospodarczo i spo\u0142ecznie by\u0142a ludno\u015b\u0107 zamieszkuj\u0105ca ten teren, uto\u017csamiana kolejno z kulturami oksywsk\u0105 i wielbarsk\u0105. Okolice Pruszcza by\u0142y istotnym centrum handlu prowincjonalnego jak i dalekosi\u0119\u017cnego. Dzi\u0119ki archeologicznej analizie licznych i wielko\u015bciowo obszernych cmentarzysk, wiadomo, \u017ce region ten charakteryzowa\u0142 si\u0119 bardzo g\u0119stym zaludnieniem. Liczne znaleziska monet, a tak\u017ce towary i przedmioty importowane z terenu Imperium Romanum odnajdywane na terenie Pruszcza, wskazuj\u0105 na znacz\u0105ca rol\u0119 kontakt\u00f3w handlowych, \u0142\u0105cz\u0105c\u0105 si\u0119 z poka\u017an\u0105 ilo\u015bci\u0105 d\u00f3br jakie mieli do zaoferowania przybyszom tutejsi mieszka\u0144cy. Dodatkowo o wysokim poziomie spo\u0142ecze\u0144stwa \u015bwiadcz\u0105 bardzo bogato wyposa\u017cone groby.<\/p>\n<p><a href=\"http:\/\/faktoria-pruszcz.pl\/wp-content\/uploads\/2017\/12\/DSC_2788.jpg\" data-rel=\"lightbox-image-0\" data-rl_title=\"\" data-rl_caption=\"\" title=\"\"><img loading=\"lazy\" decoding=\"async\" class=\"size-large wp-image-330 aligncenter\" src=\"http:\/\/faktoria-pruszcz.pl\/wp-content\/uploads\/2017\/12\/DSC_2788-1024x680.jpg\" alt=\"\" width=\"540\" height=\"359\" srcset=\"https:\/\/faktoria-pruszcz.pl\/wp-content\/uploads\/2017\/12\/DSC_2788-1024x680.jpg 1024w, https:\/\/faktoria-pruszcz.pl\/wp-content\/uploads\/2017\/12\/DSC_2788-300x199.jpg 300w, https:\/\/faktoria-pruszcz.pl\/wp-content\/uploads\/2017\/12\/DSC_2788-768x510.jpg 768w\" sizes=\"auto, (max-width: 540px) 100vw, 540px\" \/><\/a><\/p>\n<p>Najstarsze opisy znalezisk archeologicznych z Pruszcza Gda\u0144skiego pochodz\u0105 ju\u017c z ko\u0144ca XIX w., natomiast najwcze\u015bniejsze badania archeologiczne prowadzone by\u0142y od pocz\u0105tku XX w. Niestety wi\u0119kszo\u015b\u0107 znalezisk sprzed II wojny \u015bwiatowej uleg\u0142a zniszczeniu b\u0105d\u017a zagin\u0119\u0142a. Intensywne prace badawcze rozpocz\u0119\u0142y si\u0119 ponownie w latach 60. i kontynuowane by\u0142y w kolejnych dekadach, co zwi\u0105zane by\u0142o z rozbudow\u0105 miasta.<\/p>\n<p><a href=\"http:\/\/faktoria-pruszcz.pl\/wp-content\/uploads\/2017\/12\/DSC_3471.jpg\" data-rel=\"lightbox-image-1\" data-rl_title=\"\" data-rl_caption=\"\" title=\"\"><img loading=\"lazy\" decoding=\"async\" class=\"size-large wp-image-332 aligncenter\" src=\"http:\/\/faktoria-pruszcz.pl\/wp-content\/uploads\/2017\/12\/DSC_3471-1024x680.jpg\" alt=\"\" width=\"540\" height=\"359\" srcset=\"https:\/\/faktoria-pruszcz.pl\/wp-content\/uploads\/2017\/12\/DSC_3471-1024x680.jpg 1024w, https:\/\/faktoria-pruszcz.pl\/wp-content\/uploads\/2017\/12\/DSC_3471-300x199.jpg 300w, https:\/\/faktoria-pruszcz.pl\/wp-content\/uploads\/2017\/12\/DSC_3471-768x510.jpg 768w\" sizes=\"auto, (max-width: 540px) 100vw, 540px\" \/><\/a><\/p>\n<p>Rekonstrukcja Faktorii Handlowej i Mi\u0119dzynarodowego Szlaku Bursztynowego z okresu wp\u0142yw\u00f3w rzymskich w Pruszczu Gda\u0144skim jest wyj\u0105tkowym przedsi\u0119wzi\u0119ciem turystyczno-archeologicznym w skali ca\u0142ego kraju. Realizacja projektu zwi\u0119ksza atrakcyjno\u015b\u0107 turystyczn\u0105 Pomorza i przyczynia si\u0119 do promocji dziedzictwa kulturowego obszaru Morza Ba\u0142tyckiego. Temat szlaku bursztynowego i wymiany handlowej z prowincjami Imperium Rzymskiego, stanowi wa\u017cny element dorobku kulturowego tej cz\u0119\u015bci Europy i rejonu Pomorza. Faktoria Handlowa, w sk\u0142ad kt\u00f3rej wchodz\u0105: Chata Wodza \u2013 ekspozycja muzealna, Hala Targowa \u2013 miejsce spotka\u0144 z \u017cyw\u0105 archeologi\u0105 oraz rekonstrukcje Chaty Bursztyniarza i Chaty Kowala, zosta\u0142y pomy\u015blane jako miejsce po\u0142\u0105czenia nowych technologii z bogactwem zabytk\u00f3w archeologicznych i pi\u0119knem bursztynowych eksponat\u00f3w. Efektem tego przedsi\u0119wzi\u0119cia jest niezwykle interesuj\u0105cy obiekt, gdzie mo\u017cna zar\u00f3wno odpocz\u0105\u0107, jak i dowiedzie\u0107 si\u0119 o \u017cyciu sprzed niemal 2 tysi\u0119cy lat.<\/p>\n<p><a href=\"http:\/\/faktoria-pruszcz.pl\/wp-content\/uploads\/2017\/12\/DSC05969-2.jpg\" data-rel=\"lightbox-image-2\" data-rl_title=\"\" data-rl_caption=\"\" title=\"\"><img loading=\"lazy\" decoding=\"async\" class=\"size-large wp-image-350 aligncenter\" src=\"http:\/\/faktoria-pruszcz.pl\/wp-content\/uploads\/2017\/12\/DSC05969-2-1024x768.jpg\" alt=\"\" width=\"540\" height=\"405\" srcset=\"https:\/\/faktoria-pruszcz.pl\/wp-content\/uploads\/2017\/12\/DSC05969-2-1024x768.jpg 1024w, https:\/\/faktoria-pruszcz.pl\/wp-content\/uploads\/2017\/12\/DSC05969-2-300x225.jpg 300w, https:\/\/faktoria-pruszcz.pl\/wp-content\/uploads\/2017\/12\/DSC05969-2-768x576.jpg 768w\" sizes=\"auto, (max-width: 540px) 100vw, 540px\" \/><\/a><\/p>\n<p>Zabytki oraz bursztynowe eksponaty, znajduj\u0105ce si\u0119 w Chacie Wodza na wystawie: <strong><em>&#8222;Magia Bursztynowego Szlaku &#8211; Skarby z Pruszcza Gda\u0144skiego&#8221;<\/em><\/strong>, s\u0105 w\u0142asno\u015bci\u0105 <strong>Muzeum Archeologicznego<\/strong> w Gda\u0144sku oraz <strong>Muzeum Bursztynu<\/strong> w Gda\u0144sku\u00a0 &#8211; Oddzia\u0142u Muzeum Historycznego Miasta Gda\u0144ska.<\/p>\n","protected":false},"excerpt":{"rendered":"<p>W przesz\u0142o\u015bci Pruszcz Gda\u0144ski znajdowa\u0142 si\u0119 nad jeziorem lagunowym, gwarantuj\u0105cym bezpo\u015brednie po\u0142\u0105czenie z morzem. Tym samym obszar ten stanowi\u0142 jeden z ko\u0144cowych punkt\u00f3w na szlaku \u0142\u0105cz\u0105cym bursztynono\u015bne wybrze\u017ca Ba\u0142tyku z terenami Cesarstwa Rzymskiego. Po\u0142o\u017cenie nad \u00f3wczesnym <a class=\"more-link\" href=\"https:\/\/faktoria-pruszcz.pl\/?page_id=103?p=m\">Czytaj dalej&#8230;<\/a><\/p>\n","protected":false},"author":1,"featured_media":222,"parent":0,"menu_order":0,"comment_status":"closed","ping_status":"closed","template":"","meta":{"ngg_post_thumbnail":0,"footnotes":""},"class_list":["post-103","page","type-page","status-publish","has-post-thumbnail","hentry"],"_links":{"self":[{"href":"https:\/\/faktoria-pruszcz.pl\/index.php?rest_route=\/wp\/v2\/pages\/103","targetHints":{"allow":["GET"]}}],"collection":[{"href":"https:\/\/faktoria-pruszcz.pl\/index.php?rest_route=\/wp\/v2\/pages"}],"about":[{"href":"https:\/\/faktoria-pruszcz.pl\/index.php?rest_route=\/wp\/v2\/types\/page"}],"author":[{"embeddable":true,"href":"https:\/\/faktoria-pruszcz.pl\/index.php?rest_route=\/wp\/v2\/users\/1"}],"replies":[{"embeddable":true,"href":"https:\/\/faktoria-pruszcz.pl\/index.php?rest_route=%2Fwp%2Fv2%2Fcomments&post=103"}],"version-history":[{"count":4,"href":"https:\/\/faktoria-pruszcz.pl\/index.php?rest_route=\/wp\/v2\/pages\/103\/revisions"}],"predecessor-version":[{"id":3937,"href":"https:\/\/faktoria-pruszcz.pl\/index.php?rest_route=\/wp\/v2\/pages\/103\/revisions\/3937"}],"wp:featuredmedia":[{"embeddable":true,"href":"https:\/\/faktoria-pruszcz.pl\/index.php?rest_route=\/wp\/v2\/media\/222"}],"wp:attachment":[{"href":"https:\/\/faktoria-pruszcz.pl\/index.php?rest_route=%2Fwp%2Fv2%2Fmedia&parent=103"}],"curies":[{"name":"wp","href":"https:\/\/api.w.org\/{rel}","templated":true}]}}