{"id":116,"date":"2017-11-16T16:27:08","date_gmt":"2017-11-16T15:27:08","guid":{"rendered":"http:\/\/faktoria-pruszcz.pl\/?page_id=116"},"modified":"2017-12-06T20:14:07","modified_gmt":"2017-12-06T19:14:07","slug":"chata-wodza","status":"publish","type":"page","link":"https:\/\/faktoria-pruszcz.pl\/?page_id=116","title":{"rendered":"Chata Wodza"},"content":{"rendered":"<p>Chata Wodza to g\u0142\u00f3wny drewniany obiekt, kt\u00f3ry w my\u015bl prowadzonej rekonstrukcji \u0142\u0105czy w sobie przesz\u0142o\u015b\u0107 z tera\u017aniejszo\u015bci\u0105. Na zewn\u0105trz, chata przypomina obiekt z okresu wp\u0142yw\u00f3w rzymskich, jednak w \u015brodku zwiedzaj\u0105cy mog\u0105 przenie\u015b\u0107 si\u0119 do innego, nowoczesnego \u015bwiata. Jest to mo\u017cliwe dzi\u0119ki najnowszym rozwi\u0105zaniom multimedialnym i wystawienniczym. Dzi\u0119ki temu, w bardzo nowoczesny spos\u00f3b prezentowane s\u0105 w niej eksponaty muzealne, znajduj\u0105ce si\u0119 w gda\u0144skich zbiorach Muzeum Archeologicznego oraz Muzeum Bursztynu. Tematem przewodnim wystawy jest ekspozycja wynik\u00f3w wieloletnich bada\u0144 archeologicznych prowadzonych na stanowiskach w Pruszczu Gda\u0144skim. Tradycyjne podpisy zosta\u0142y zast\u0105pione przez dotykowe panele multimedialne prezentuj\u0105ce zdj\u0119cia obrotowe, daj\u0105ce mo\u017cliwo\u015b\u0107 dog\u0142\u0119bnego przyjrzenia si\u0119 zabytkom w technice tr\u00f3jwymiarowej. W centralnej cz\u0119\u015bci muzeum znajduje si\u0119 mapa dotykowa, prezentuj\u0105ca pruszcza\u0144skie stanowiska archeologiczne pocz\u0105wszy od neolitu do czas\u00f3w nowo\u017cytnych. Ponadto wy\u015bwietlane s\u0105 filmy przedstawiaj\u0105ce \u017cycie spo\u0142eczno\u015bci pradziejowych, jak i prace przy budowie Faktorii.<\/p>\n","protected":false},"excerpt":{"rendered":"<p>Chata Wodza to g\u0142\u00f3wny drewniany obiekt, kt\u00f3ry w my\u015bl prowadzonej rekonstrukcji \u0142\u0105czy w sobie przesz\u0142o\u015b\u0107 z tera\u017aniejszo\u015bci\u0105. Na zewn\u0105trz, chata przypomina obiekt z okresu wp\u0142yw\u00f3w rzymskich, jednak w \u015brodku zwiedzaj\u0105cy mog\u0105 przenie\u015b\u0107 si\u0119 do innego, nowoczesnego <a class=\"more-link\" href=\"https:\/\/faktoria-pruszcz.pl\/?page_id=116?p=m\">Czytaj dalej&#8230;<\/a><\/p>\n","protected":false},"author":1,"featured_media":117,"parent":0,"menu_order":0,"comment_status":"closed","ping_status":"closed","template":"","meta":{"ngg_post_thumbnail":0,"footnotes":""},"class_list":["post-116","page","type-page","status-publish","has-post-thumbnail","hentry"],"_links":{"self":[{"href":"https:\/\/faktoria-pruszcz.pl\/index.php?rest_route=\/wp\/v2\/pages\/116","targetHints":{"allow":["GET"]}}],"collection":[{"href":"https:\/\/faktoria-pruszcz.pl\/index.php?rest_route=\/wp\/v2\/pages"}],"about":[{"href":"https:\/\/faktoria-pruszcz.pl\/index.php?rest_route=\/wp\/v2\/types\/page"}],"author":[{"embeddable":true,"href":"https:\/\/faktoria-pruszcz.pl\/index.php?rest_route=\/wp\/v2\/users\/1"}],"replies":[{"embeddable":true,"href":"https:\/\/faktoria-pruszcz.pl\/index.php?rest_route=%2Fwp%2Fv2%2Fcomments&post=116"}],"version-history":[{"count":1,"href":"https:\/\/faktoria-pruszcz.pl\/index.php?rest_route=\/wp\/v2\/pages\/116\/revisions"}],"predecessor-version":[{"id":118,"href":"https:\/\/faktoria-pruszcz.pl\/index.php?rest_route=\/wp\/v2\/pages\/116\/revisions\/118"}],"wp:featuredmedia":[{"embeddable":true,"href":"https:\/\/faktoria-pruszcz.pl\/index.php?rest_route=\/wp\/v2\/media\/117"}],"wp:attachment":[{"href":"https:\/\/faktoria-pruszcz.pl\/index.php?rest_route=%2Fwp%2Fv2%2Fmedia&parent=116"}],"curies":[{"name":"wp","href":"https:\/\/api.w.org\/{rel}","templated":true}]}}