{"id":119,"date":"2017-11-16T16:27:47","date_gmt":"2017-11-16T15:27:47","guid":{"rendered":"http:\/\/faktoria-pruszcz.pl\/?page_id=119"},"modified":"2017-11-16T16:27:47","modified_gmt":"2017-11-16T15:27:47","slug":"chata-bursztyniarza","status":"publish","type":"page","link":"https:\/\/faktoria-pruszcz.pl\/?page_id=119","title":{"rendered":"Chata Bursztyniarza"},"content":{"rendered":"<p>Chata Bursztyniarza stanowi rekonstrukcj\u0119 miejsca pracy tego rzemie\u015blnika. Zaprezentowane zosta\u0142y w niej przedmioty, kt\u00f3rych u\u017cywa\u0142 i wyroby, jakie wychodzi\u0142y spod jego r\u0105k. Podczas wykopalisk archeologicznych prowadzonych na terenie Pruszcza Gda\u0144skiego, odnaleziono wiele pi\u0119knej bursztynowej bi\u017cuterii, \u015bwiadcz\u0105cej o niezwyk\u0142ych zdolno\u015bciach lokalnych bursztyniarzy. Wewn\u0105trz budynek podzielony jest na dwie izby, za pomoc\u0105 \u015bcianki wykonanej z plecionki. Zaraz przy wej\u015bciu zobaczy\u0107 mo\u017cna narz\u0119dzia bursztyniarza: tokark\u0119, no\u017ce, pilniki, krzemienne ostrza, kamienn\u0105 p\u0142yt\u0119 do wyg\u0142adzania, \u015bwider do wiercenia otwor\u00f3w, filc i sk\u00f3r\u0119 z jelenia do ko\u0144cowego wyg\u0142adzania. Po lewej stronie znajduje si\u0119 jama zasobowa &#8211; rodzaj prymitywnej spi\u017carni &#8211; s\u0142u\u017c\u0105ca do przechowywania \u017cywno\u015bci, ziarna itp. Analogiczna jama znajduje si\u0119 tak\u017ce na zewn\u0105trz budynku, w tym wypadku pe\u0142ni\u0105ca funkcj\u0119 przydomowej piwniczki. Za \u015bcian\u0105 plecionkow\u0105 znajduje si\u0119 rekonstrukcja pionowego warsztatu tkackiego. Ponadto w chacie znajduje si\u0119 palenisko oraz piec kopu\u0142kowy, wykonany z ga\u0142\u0119zi oblepionych glin\u0105 i wkopany w ziemi\u0119.<\/p>\n","protected":false},"excerpt":{"rendered":"<p>Chata Bursztyniarza stanowi rekonstrukcj\u0119 miejsca pracy tego rzemie\u015blnika. Zaprezentowane zosta\u0142y w niej przedmioty, kt\u00f3rych u\u017cywa\u0142 i wyroby, jakie wychodzi\u0142y spod jego r\u0105k. Podczas wykopalisk archeologicznych prowadzonych na terenie Pruszcza Gda\u0144skiego, odnaleziono wiele pi\u0119knej bursztynowej bi\u017cuterii, \u015bwiadcz\u0105cej <a class=\"more-link\" href=\"https:\/\/faktoria-pruszcz.pl\/?page_id=119?p=m\">Czytaj dalej&#8230;<\/a><\/p>\n","protected":false},"author":1,"featured_media":120,"parent":0,"menu_order":0,"comment_status":"closed","ping_status":"closed","template":"","meta":{"ngg_post_thumbnail":0,"footnotes":""},"class_list":["post-119","page","type-page","status-publish","has-post-thumbnail","hentry"],"_links":{"self":[{"href":"https:\/\/faktoria-pruszcz.pl\/index.php?rest_route=\/wp\/v2\/pages\/119","targetHints":{"allow":["GET"]}}],"collection":[{"href":"https:\/\/faktoria-pruszcz.pl\/index.php?rest_route=\/wp\/v2\/pages"}],"about":[{"href":"https:\/\/faktoria-pruszcz.pl\/index.php?rest_route=\/wp\/v2\/types\/page"}],"author":[{"embeddable":true,"href":"https:\/\/faktoria-pruszcz.pl\/index.php?rest_route=\/wp\/v2\/users\/1"}],"replies":[{"embeddable":true,"href":"https:\/\/faktoria-pruszcz.pl\/index.php?rest_route=%2Fwp%2Fv2%2Fcomments&post=119"}],"version-history":[{"count":1,"href":"https:\/\/faktoria-pruszcz.pl\/index.php?rest_route=\/wp\/v2\/pages\/119\/revisions"}],"predecessor-version":[{"id":121,"href":"https:\/\/faktoria-pruszcz.pl\/index.php?rest_route=\/wp\/v2\/pages\/119\/revisions\/121"}],"wp:featuredmedia":[{"embeddable":true,"href":"https:\/\/faktoria-pruszcz.pl\/index.php?rest_route=\/wp\/v2\/media\/120"}],"wp:attachment":[{"href":"https:\/\/faktoria-pruszcz.pl\/index.php?rest_route=%2Fwp%2Fv2%2Fmedia&parent=119"}],"curies":[{"name":"wp","href":"https:\/\/api.w.org\/{rel}","templated":true}]}}