{"id":122,"date":"2017-11-16T16:28:34","date_gmt":"2017-11-16T15:28:34","guid":{"rendered":"http:\/\/faktoria-pruszcz.pl\/?page_id=122"},"modified":"2017-12-06T20:14:37","modified_gmt":"2017-12-06T19:14:37","slug":"hala-targowa","status":"publish","type":"page","link":"https:\/\/faktoria-pruszcz.pl\/?page_id=122","title":{"rendered":"Hala Targowa"},"content":{"rendered":"<p>Hala Targowa to miejsce \u201espotka\u0144 z archeologi\u0105\u201d, w ramach kt\u00f3rych m\u0142odzie\u017c i dzieci uczestniczy\u0107 mog\u0105 w zaj\u0119ciach \u017cywej historii. Dzi\u0119ki najnowszym rozwi\u0105zaniom multimedialnym oraz prowadzeniu zaj\u0119\u0107 w niekonwencjonalny spos\u00f3b, nauka stanie si\u0119 przyjemna i inspiruj\u0105ca do dalszego pog\u0142\u0119biania wiedzy. Poza przygotowanymi zagadnieniami nasza wykwalifikowana kadra edukacyjna otwarta jest na indywidualne propozycje zaj\u0119\u0107 o tematyce pradziejowej. Du\u017c\u0105 atrakcj\u0119 stanowi zbi\u00f3r zrekonstruowanych stroj\u00f3w z okresu wp\u0142yw\u00f3w rzymskich, zar\u00f3wno zwyczajnych mieszka\u0144c\u00f3w Barbaricum jak i \u017co\u0142nierzy armii rzymskiej. Charakter edukacyjny maj\u0105 tak\u017ce wy\u015bwietlane w Hali filmy, prezentuj\u0105ce \u017cycie codzienne w osadzie z okresu wp\u0142yw\u00f3w rzymskich oraz opowiadaj\u0105ce o bursztynie \u2013 najcenniejszym i najpi\u0119kniejszym surowcu pochodz\u0105cym z tych teren\u00f3w. Ponadto, nasi najm\u0142odsi go\u015bcie mog\u0105 przez chwil\u0119 poczu\u0107 si\u0119 prawdziwymi archeologami, szukaj\u0105c skarb\u00f3w w specjalnie przygotowanej do tego rekonstrukcji wykopu.<\/p>\n","protected":false},"excerpt":{"rendered":"<p>Hala Targowa to miejsce \u201espotka\u0144 z archeologi\u0105\u201d, w ramach kt\u00f3rych m\u0142odzie\u017c i dzieci uczestniczy\u0107 mog\u0105 w zaj\u0119ciach \u017cywej historii. Dzi\u0119ki najnowszym rozwi\u0105zaniom multimedialnym oraz prowadzeniu zaj\u0119\u0107 w niekonwencjonalny spos\u00f3b, nauka stanie si\u0119 przyjemna i inspiruj\u0105ca do <a class=\"more-link\" href=\"https:\/\/faktoria-pruszcz.pl\/?page_id=122?p=m\">Czytaj dalej&#8230;<\/a><\/p>\n","protected":false},"author":1,"featured_media":123,"parent":0,"menu_order":0,"comment_status":"closed","ping_status":"closed","template":"","meta":{"ngg_post_thumbnail":0,"footnotes":""},"class_list":["post-122","page","type-page","status-publish","has-post-thumbnail","hentry"],"_links":{"self":[{"href":"https:\/\/faktoria-pruszcz.pl\/index.php?rest_route=\/wp\/v2\/pages\/122","targetHints":{"allow":["GET"]}}],"collection":[{"href":"https:\/\/faktoria-pruszcz.pl\/index.php?rest_route=\/wp\/v2\/pages"}],"about":[{"href":"https:\/\/faktoria-pruszcz.pl\/index.php?rest_route=\/wp\/v2\/types\/page"}],"author":[{"embeddable":true,"href":"https:\/\/faktoria-pruszcz.pl\/index.php?rest_route=\/wp\/v2\/users\/1"}],"replies":[{"embeddable":true,"href":"https:\/\/faktoria-pruszcz.pl\/index.php?rest_route=%2Fwp%2Fv2%2Fcomments&post=122"}],"version-history":[{"count":1,"href":"https:\/\/faktoria-pruszcz.pl\/index.php?rest_route=\/wp\/v2\/pages\/122\/revisions"}],"predecessor-version":[{"id":124,"href":"https:\/\/faktoria-pruszcz.pl\/index.php?rest_route=\/wp\/v2\/pages\/122\/revisions\/124"}],"wp:featuredmedia":[{"embeddable":true,"href":"https:\/\/faktoria-pruszcz.pl\/index.php?rest_route=\/wp\/v2\/media\/123"}],"wp:attachment":[{"href":"https:\/\/faktoria-pruszcz.pl\/index.php?rest_route=%2Fwp%2Fv2%2Fmedia&parent=122"}],"curies":[{"name":"wp","href":"https:\/\/api.w.org\/{rel}","templated":true}]}}