{"id":125,"date":"2017-11-16T16:29:06","date_gmt":"2017-11-16T15:29:06","guid":{"rendered":"http:\/\/faktoria-pruszcz.pl\/?page_id=125"},"modified":"2017-12-06T20:14:26","modified_gmt":"2017-12-06T19:14:26","slug":"chata-kowala","status":"publish","type":"page","link":"https:\/\/faktoria-pruszcz.pl\/?page_id=125","title":{"rendered":"Chata Kowala"},"content":{"rendered":"<p>Chata Kowala to wierna rekonstrukcja domostwa z epoki wp\u0142yw\u00f3w rzymskich. W Faktorii Handlowej mo\u017cna pozna\u0107 t\u0119 posta\u0107 ogl\u0105daj\u0105c rekonstrukcj\u0119 jego domostwa wraz z ku\u017ani\u0105, w kt\u00f3rej znajduj\u0105 si\u0119 narz\u0119dzia do obr\u00f3bki \u017celaza. Wszystkie przedmioty z materia\u0142u, drewna i wikliny wykonane zosta\u0142y w technikach tradycyjnych. Przed wej\u015bciem do chaty znajduje si\u0119 warsztat pracy kowala: palenisko z miechem oraz drewniane beczki z wod\u0105, s\u0142u\u017c\u0105ce do hartowania wytwarzanych przedmiot\u00f3w. Na drewnianym pie\u0144ku znajduj\u0105 si\u0119 podstawowe narz\u0119dzia tego wytw\u00f3rcy: kowad\u0142a, kleszcze, m\u0142otki, pilniki, przebijaki i inne. Warto zwr\u00f3ci\u0107 uwag\u0119, i\u017c wi\u0119kszo\u015b\u0107 narz\u0119dzi staro\u017cytnych kowali przetrwa\u0142o w niezmienionej formie po dzie\u0144 dzisiejszy. Sama chata zosta\u0142a wykonana z drewna d\u0119bowego oraz drzew iglastych. Drewniane pod\u0142o\u017ce wykonane jest z dartych desek. W chacie znajduje si\u0119 typowe wyposa\u017cenie domowe. W rogu pomieszczenia jest prostok\u0105tne palenisko, \u0142\u00f3\u017cko nakryte sk\u00f3rami oraz r\u0119cznie wykonanymi, we\u0142nianymi tkaninami, st\u00f3\u0142 oraz skrzynia pe\u0142ni\u0105ca funkcje zar\u00f3wno \u0142awy do siedzenia jak i skrytki na przedmioty.<\/p>\n","protected":false},"excerpt":{"rendered":"<p>Chata Kowala to wierna rekonstrukcja domostwa z epoki wp\u0142yw\u00f3w rzymskich. W Faktorii Handlowej mo\u017cna pozna\u0107 t\u0119 posta\u0107 ogl\u0105daj\u0105c rekonstrukcj\u0119 jego domostwa wraz z ku\u017ani\u0105, w kt\u00f3rej znajduj\u0105 si\u0119 narz\u0119dzia do obr\u00f3bki \u017celaza. Wszystkie przedmioty z materia\u0142u, <a class=\"more-link\" href=\"https:\/\/faktoria-pruszcz.pl\/?page_id=125?p=m\">Czytaj dalej&#8230;<\/a><\/p>\n","protected":false},"author":1,"featured_media":126,"parent":0,"menu_order":0,"comment_status":"closed","ping_status":"closed","template":"","meta":{"ngg_post_thumbnail":0,"footnotes":""},"class_list":["post-125","page","type-page","status-publish","has-post-thumbnail","hentry"],"_links":{"self":[{"href":"https:\/\/faktoria-pruszcz.pl\/index.php?rest_route=\/wp\/v2\/pages\/125","targetHints":{"allow":["GET"]}}],"collection":[{"href":"https:\/\/faktoria-pruszcz.pl\/index.php?rest_route=\/wp\/v2\/pages"}],"about":[{"href":"https:\/\/faktoria-pruszcz.pl\/index.php?rest_route=\/wp\/v2\/types\/page"}],"author":[{"embeddable":true,"href":"https:\/\/faktoria-pruszcz.pl\/index.php?rest_route=\/wp\/v2\/users\/1"}],"replies":[{"embeddable":true,"href":"https:\/\/faktoria-pruszcz.pl\/index.php?rest_route=%2Fwp%2Fv2%2Fcomments&post=125"}],"version-history":[{"count":1,"href":"https:\/\/faktoria-pruszcz.pl\/index.php?rest_route=\/wp\/v2\/pages\/125\/revisions"}],"predecessor-version":[{"id":127,"href":"https:\/\/faktoria-pruszcz.pl\/index.php?rest_route=\/wp\/v2\/pages\/125\/revisions\/127"}],"wp:featuredmedia":[{"embeddable":true,"href":"https:\/\/faktoria-pruszcz.pl\/index.php?rest_route=\/wp\/v2\/media\/126"}],"wp:attachment":[{"href":"https:\/\/faktoria-pruszcz.pl\/index.php?rest_route=%2Fwp%2Fv2%2Fmedia&parent=125"}],"curies":[{"name":"wp","href":"https:\/\/api.w.org\/{rel}","templated":true}]}}