{"id":208,"date":"2017-11-28T18:48:24","date_gmt":"2017-11-28T17:48:24","guid":{"rendered":"http:\/\/faktoria-pruszcz.pl\/?page_id=208"},"modified":"2018-02-04T13:51:23","modified_gmt":"2018-02-04T12:51:23","slug":"zywa-archeologia","status":"publish","type":"page","link":"https:\/\/faktoria-pruszcz.pl\/?page_id=208","title":{"rendered":"\u017bywa archeologia"},"content":{"rendered":"<p>Faktoria Handlowa w Pruszczu Gda\u0144skim nie jest zwyk\u0142ym muzeum. To miejsce, gdzie przeniesiesz si\u0119 w czasie o niemal 2000 lat, poznasz warunki \u017cycia ludzi zamieszkuj\u0105cych w\u00f3wczas po\u0142udniowe wybrze\u017ce Ba\u0142tyku, zobaczysz, jak wygl\u0105da\u0142o \u017cycie w osadzie.<\/p>\n<p><a href=\"http:\/\/faktoria-pruszcz.pl\/wp-content\/uploads\/2017\/12\/DSC_9372.jpg\" data-rel=\"lightbox-image-0\" data-rl_title=\"\" data-rl_caption=\"\" title=\"\"><img loading=\"lazy\" decoding=\"async\" class=\"size-large wp-image-339 aligncenter\" src=\"http:\/\/faktoria-pruszcz.pl\/wp-content\/uploads\/2017\/12\/DSC_9372-1024x680.jpg\" alt=\"\" width=\"540\" height=\"359\" srcset=\"https:\/\/faktoria-pruszcz.pl\/wp-content\/uploads\/2017\/12\/DSC_9372-1024x680.jpg 1024w, https:\/\/faktoria-pruszcz.pl\/wp-content\/uploads\/2017\/12\/DSC_9372-300x199.jpg 300w, https:\/\/faktoria-pruszcz.pl\/wp-content\/uploads\/2017\/12\/DSC_9372-768x510.jpg 768w\" sizes=\"auto, (max-width: 540px) 100vw, 540px\" \/><\/a><\/p>\n<p>\u017bywa archeologia to wykopaliska i podr\u0119czniki historii przeniesione w zupe\u0142nie nowy wymiar. Na terenie naszej osady nie tylko zobaczysz, jak wytwarzano naczynia &#8211; b\u0119dziesz m\u00f3g\u0142 w\u0142asnor\u0119cznie wykona\u0107 gliniane naczynie staro\u017cytn\u0105 technik\u0105. Spr\u00f3bujesz swoich si\u0142 w strzelaniu z \u0142uku tradycyjnego pod kierunkiem do\u015bwiadczonego \u0142ucznika, a tak\u017ce poznasz tajniki obr\u00f3bki bursztynu przy warsztacie bursztynnika.<\/p>\n<p><a href=\"http:\/\/faktoria-pruszcz.pl\/wp-content\/uploads\/2017\/12\/DSC_9702.jpg\" data-rel=\"lightbox-image-1\" data-rl_title=\"\" data-rl_caption=\"\" title=\"\"><img loading=\"lazy\" decoding=\"async\" class=\"size-large wp-image-344 aligncenter\" src=\"http:\/\/faktoria-pruszcz.pl\/wp-content\/uploads\/2017\/12\/DSC_9702-1024x680.jpg\" alt=\"\" width=\"540\" height=\"359\" srcset=\"https:\/\/faktoria-pruszcz.pl\/wp-content\/uploads\/2017\/12\/DSC_9702-1024x680.jpg 1024w, https:\/\/faktoria-pruszcz.pl\/wp-content\/uploads\/2017\/12\/DSC_9702-300x199.jpg 300w, https:\/\/faktoria-pruszcz.pl\/wp-content\/uploads\/2017\/12\/DSC_9702-768x510.jpg 768w\" sizes=\"auto, (max-width: 540px) 100vw, 540px\" \/><\/a><\/p>\n<p>Wizyta w rekonstrukcji osady handlowej Faktoria to lekcja historii w po\u0142\u0105czeniu z zabaw\u0105 na \u015bwie\u017cym powietrzu dla ca\u0142ej rodziny. Poza zapoznaniem si\u0119 z tajnikami dawnych rzemios\u0142, z \u017cyciem Got\u00f3w- mieszka\u0144c\u00f3w Pomorza z pocz\u0105tku ery i unikatow\u0105 wystaw\u0105 zabytk\u00f3w z terenu Pruszcza Gda\u0144skiego, dla zwiedzaj\u0105cych przewidzianych jest wiele atrakcji, w kt\u00f3rych mog\u0105 wzi\u0105\u0107 udzia\u0142. Doskona\u0142\u0105 zabaw\u0105 s\u0105 historyczne gry: Kubb i Bula, wiele rozrywki dostarczaj\u0105 te\u017c zabawy plebejskie takie jak przeci\u0105ganie liny, wy\u015bcigi w workach, czy rzut oszczepem do celu.<\/p>\n<p><a href=\"http:\/\/faktoria-pruszcz.pl\/wp-content\/uploads\/2017\/12\/DSC02033-2.jpg\" data-rel=\"lightbox-image-2\" data-rl_title=\"\" data-rl_caption=\"\" title=\"\"><img loading=\"lazy\" decoding=\"async\" class=\"size-large wp-image-345 aligncenter\" src=\"http:\/\/faktoria-pruszcz.pl\/wp-content\/uploads\/2017\/12\/DSC02033-2-1024x768.jpg\" alt=\"\" width=\"540\" height=\"405\" srcset=\"https:\/\/faktoria-pruszcz.pl\/wp-content\/uploads\/2017\/12\/DSC02033-2-1024x768.jpg 1024w, https:\/\/faktoria-pruszcz.pl\/wp-content\/uploads\/2017\/12\/DSC02033-2-300x225.jpg 300w, https:\/\/faktoria-pruszcz.pl\/wp-content\/uploads\/2017\/12\/DSC02033-2-768x576.jpg 768w\" sizes=\"auto, (max-width: 540px) 100vw, 540px\" \/><\/a><\/p>\n<p>Faktoria organizuje r\u00f3wnie\u017c pokazy i warsztaty, w kt\u00f3rych zwiedzaj\u0105cy mog\u0105 bra\u0107 czynny udzia\u0142. W Faktorii odbywaj\u0105 si\u0119 mi\u0119dzy innymi: pokazy sokolnicze, pokazy kowalstwa tradycyjnego, &#8222;Wehiku\u0142 czasu&#8221;-widowiskowe rekonstrukcje historyczne z r\u00f3\u017cnych epok, warsztaty wykonywania ozd\u00f3b dawnymi technikami, turnieje gier planszowych, biesiady przy ognisku i spotkania z niezwyk\u0142ymi osobami.<\/p>\n","protected":false},"excerpt":{"rendered":"<p>Faktoria Handlowa w Pruszczu Gda\u0144skim nie jest zwyk\u0142ym muzeum. To miejsce, gdzie przeniesiesz si\u0119 w czasie o niemal 2000 lat, poznasz warunki \u017cycia ludzi zamieszkuj\u0105cych w\u00f3wczas po\u0142udniowe wybrze\u017ce Ba\u0142tyku, zobaczysz, jak wygl\u0105da\u0142o \u017cycie w osadzie. \u017bywa <a class=\"more-link\" href=\"https:\/\/faktoria-pruszcz.pl\/?page_id=208?p=m\">Czytaj dalej&#8230;<\/a><\/p>\n","protected":false},"author":1,"featured_media":223,"parent":0,"menu_order":0,"comment_status":"closed","ping_status":"closed","template":"","meta":{"ngg_post_thumbnail":0,"footnotes":""},"class_list":["post-208","page","type-page","status-publish","has-post-thumbnail","hentry"],"_links":{"self":[{"href":"https:\/\/faktoria-pruszcz.pl\/index.php?rest_route=\/wp\/v2\/pages\/208","targetHints":{"allow":["GET"]}}],"collection":[{"href":"https:\/\/faktoria-pruszcz.pl\/index.php?rest_route=\/wp\/v2\/pages"}],"about":[{"href":"https:\/\/faktoria-pruszcz.pl\/index.php?rest_route=\/wp\/v2\/types\/page"}],"author":[{"embeddable":true,"href":"https:\/\/faktoria-pruszcz.pl\/index.php?rest_route=\/wp\/v2\/users\/1"}],"replies":[{"embeddable":true,"href":"https:\/\/faktoria-pruszcz.pl\/index.php?rest_route=%2Fwp%2Fv2%2Fcomments&post=208"}],"version-history":[{"count":4,"href":"https:\/\/faktoria-pruszcz.pl\/index.php?rest_route=\/wp\/v2\/pages\/208\/revisions"}],"predecessor-version":[{"id":3644,"href":"https:\/\/faktoria-pruszcz.pl\/index.php?rest_route=\/wp\/v2\/pages\/208\/revisions\/3644"}],"wp:featuredmedia":[{"embeddable":true,"href":"https:\/\/faktoria-pruszcz.pl\/index.php?rest_route=\/wp\/v2\/media\/223"}],"wp:attachment":[{"href":"https:\/\/faktoria-pruszcz.pl\/index.php?rest_route=%2Fwp%2Fv2%2Fmedia&parent=208"}],"curies":[{"name":"wp","href":"https:\/\/api.w.org\/{rel}","templated":true}]}}