{"id":217,"date":"2017-11-28T18:51:57","date_gmt":"2017-11-28T17:51:57","guid":{"rendered":"http:\/\/faktoria-pruszcz.pl\/?page_id=217"},"modified":"2017-12-06T21:30:54","modified_gmt":"2017-12-06T20:30:54","slug":"o-miescie","status":"publish","type":"page","link":"https:\/\/faktoria-pruszcz.pl\/?page_id=217","title":{"rendered":"O mie\u015bcie"},"content":{"rendered":"<p>Pruszcz Gda\u0144ski to 27 tysi\u0119czne miasto. Jest ono gospodarcz\u0105 i kulturaln\u0105 stolic\u0105, licz\u0105cego niemal\u017ce 100 tysi\u0119cy mieszka\u0144c\u00f3w powiatu gda\u0144skiego. Le\u017cy w rozwidleniu g\u0142\u00f3wnych krajowych arterii komunikacyjnych Gda\u0144sk &#8211; Warszawa oraz Gda\u0144sk &#8211; \u0141\u00f3d\u017a. Dodatkowym atutem jest bezpo\u015brednie s\u0105siedztwo obwodnicy Tr\u00f3jmiasta i Autostrady A1, \u0142\u0105cz\u0105cej p\u00f3\u0142noc kraju z po\u0142udniem. Na terenie miasta zarejestrowanych jest obecnie ponad 3000 podmiot\u00f3w gospodarczych. Funkcjonuje tu Ba\u0142tycka Strefa Inwestycyjna, stale powstaj\u0105 nowe osiedla mieszkaniowe i lokale u\u017cytkowe.<\/p>\n<p><a href=\"http:\/\/faktoria-pruszcz.pl\/wp-content\/uploads\/2017\/12\/grafika265centrum-miasta.jpg\" data-rel=\"lightbox-image-0\" data-rl_title=\"\" data-rl_caption=\"\" title=\"\"><img loading=\"lazy\" decoding=\"async\" class=\"wp-image-363 aligncenter\" src=\"http:\/\/faktoria-pruszcz.pl\/wp-content\/uploads\/2017\/12\/grafika265centrum-miasta.jpg\" alt=\"\" width=\"540\" height=\"359\" srcset=\"https:\/\/faktoria-pruszcz.pl\/wp-content\/uploads\/2017\/12\/grafika265centrum-miasta.jpg 800w, https:\/\/faktoria-pruszcz.pl\/wp-content\/uploads\/2017\/12\/grafika265centrum-miasta-300x200.jpg 300w, https:\/\/faktoria-pruszcz.pl\/wp-content\/uploads\/2017\/12\/grafika265centrum-miasta-768x511.jpg 768w\" sizes=\"auto, (max-width: 540px) 100vw, 540px\" \/><\/a><\/p>\n<p>Zrewitalizowane centrum miasta otrzyma\u0142o Nagrod\u0119 Honorow\u0105 Towarzystwa Urbanist\u00f3w Polskich w og\u00f3lnopolskim konkursie na najlepiej zagospodarowan\u0105 przestrze\u0144 publiczn\u0105 w 2009 roku. Latem Pruszcz Gda\u0144ski staje si\u0119 kulturaln\u0105 stolic\u0105 regionu. W ramach Faktorii Kultury w amfiteatrze Mi\u0119dzynarodowego Ba\u0142tyckiego Parku Kulturowego odbywaj\u0105 si\u0119 plenerowe przedstawienia teatralne i koncerty muzyczne. Rekonstrukcja szlaku bursztynowego i faktorii handlowej z okresu wp\u0142yw\u00f3w rzymskich jest prawdziw\u0105 atrakcj\u0105 Pruszcza. Faktoria handlowa zbudowana jest zgodnie ze \u015bcis\u0142ymi wskazaniami historyczno-archeologicznymi.<\/p>\n<p><strong><span style=\"font-size: 14pt;\">Zabytki Pruszcza Gda\u0144skiego<\/span><\/strong><\/p>\n<p><strong>Ko\u015bci\u00f3\u0142 pw. Podwy\u017cszenia Krzy\u017ca \u015awi\u0119tego<\/strong><br \/>\nul. Wojska Polskiego<\/p>\n<p><strong>Kana\u0142 Radunii<\/strong><br \/>\nwzd\u0142u\u017c ul. Wojska Polskiego<\/p>\n<p><strong>Ko\u015bci\u00f3\u0142 pw. Matki Boskiej Nieustaj\u0105cej Pomocy<\/strong><br \/>\nul. Chopina<\/p>\n<p><strong>Dawna plebania, obecnie biblioteka<\/strong><br \/>\nul. Wojska Polskiego<\/p>\n<p><strong>Elektrownia wodna<\/strong><br \/>\nul. Skarpowa<\/p>\n<p><strong>Cukrownia<\/strong><br \/>\nul. Chopina<\/p>\n","protected":false},"excerpt":{"rendered":"<p>Pruszcz Gda\u0144ski to 27 tysi\u0119czne miasto. Jest ono gospodarcz\u0105 i kulturaln\u0105 stolic\u0105, licz\u0105cego niemal\u017ce 100 tysi\u0119cy mieszka\u0144c\u00f3w powiatu gda\u0144skiego. Le\u017cy w rozwidleniu g\u0142\u00f3wnych krajowych arterii komunikacyjnych Gda\u0144sk &#8211; Warszawa oraz Gda\u0144sk &#8211; \u0141\u00f3d\u017a. Dodatkowym atutem jest <a class=\"more-link\" href=\"https:\/\/faktoria-pruszcz.pl\/?page_id=217?p=m\">Czytaj dalej&#8230;<\/a><\/p>\n","protected":false},"author":1,"featured_media":221,"parent":0,"menu_order":0,"comment_status":"closed","ping_status":"closed","template":"","meta":{"ngg_post_thumbnail":0,"footnotes":""},"class_list":["post-217","page","type-page","status-publish","has-post-thumbnail","hentry"],"_links":{"self":[{"href":"https:\/\/faktoria-pruszcz.pl\/index.php?rest_route=\/wp\/v2\/pages\/217","targetHints":{"allow":["GET"]}}],"collection":[{"href":"https:\/\/faktoria-pruszcz.pl\/index.php?rest_route=\/wp\/v2\/pages"}],"about":[{"href":"https:\/\/faktoria-pruszcz.pl\/index.php?rest_route=\/wp\/v2\/types\/page"}],"author":[{"embeddable":true,"href":"https:\/\/faktoria-pruszcz.pl\/index.php?rest_route=\/wp\/v2\/users\/1"}],"replies":[{"embeddable":true,"href":"https:\/\/faktoria-pruszcz.pl\/index.php?rest_route=%2Fwp%2Fv2%2Fcomments&post=217"}],"version-history":[{"count":3,"href":"https:\/\/faktoria-pruszcz.pl\/index.php?rest_route=\/wp\/v2\/pages\/217\/revisions"}],"predecessor-version":[{"id":364,"href":"https:\/\/faktoria-pruszcz.pl\/index.php?rest_route=\/wp\/v2\/pages\/217\/revisions\/364"}],"wp:featuredmedia":[{"embeddable":true,"href":"https:\/\/faktoria-pruszcz.pl\/index.php?rest_route=\/wp\/v2\/media\/221"}],"wp:attachment":[{"href":"https:\/\/faktoria-pruszcz.pl\/index.php?rest_route=%2Fwp%2Fv2%2Fmedia&parent=217"}],"curies":[{"name":"wp","href":"https:\/\/api.w.org\/{rel}","templated":true}]}}