{"id":264,"date":"2017-12-06T20:21:27","date_gmt":"2017-12-06T19:21:27","guid":{"rendered":"http:\/\/faktoria-pruszcz.pl\/?page_id=264"},"modified":"2017-12-06T20:21:27","modified_gmt":"2017-12-06T19:21:27","slug":"das-haus-des-bernsteinmeisters","status":"publish","type":"page","link":"https:\/\/faktoria-pruszcz.pl\/?page_id=264&lang=de","title":{"rendered":"Das Haus des Bernsteinmeisters"},"content":{"rendered":"<div id=\"tresci_ekspo\">\n<p>Das Haus des Bernsteinmeisters ist eine Rekonstruktion einer Arbeitsstelle des Handwerkers. Es sind dort Gegenst\u00e4nde zu sehen, die er benutzt hat und die er w\u00e4hrend der Verarbeitung benutzt hat. W\u00e4hrend der arch\u00e4ologischen Untersuchungen die man in Pruszcz Gda\u0144ski gef\u00fchrt hat, wurden sehr viele Bernstein-Schmuckst\u00fccke gefunden, die ein Beweis der au\u00dfergew\u00f6hnlichen Kunst der Handwerker sind. Im Inneren ist das Geb\u00e4ude in zwei Teile geteilt, mit einer Geflechtwand. Gleich am Eingang kann man Werkzeug des Handwerkers sehen: eine Drehbank, Messer, Feilen, Steinschneiden, eine Poliersteinplatte, Bohrer, Filz und Hirschleder f\u00fcr die Endpolierarbeiten. Links befindet sich eine Vorratsh\u00f6hle \u2013 primitive Vorratskammer \u2013 in der man Lebensmittel gelagert hat. Eine gleiche H\u00f6hle befindet sich vor dem Geb\u00e4ude, in dem Fall spielt sie die Rolle eines kleinen Kellers. Hinter der Geflechtwand befindet sich eine Rekonstruktion einer vertikalen Webwerkstatt. Au\u00dferdem befinden sich in dem Haus: eine Feuerstelle und ein Lehmofen, gefertigt aus \u00c4sten, die mit Lehm bedeckt wurden und der in den Boden eingegraben ist.<\/p>\n<\/div>\n","protected":false},"excerpt":{"rendered":"<p>Das Haus des Bernsteinmeisters ist eine Rekonstruktion einer Arbeitsstelle des Handwerkers. Es sind dort Gegenst\u00e4nde zu sehen, die er benutzt hat und die er w\u00e4hrend der Verarbeitung benutzt hat. W\u00e4hrend der arch\u00e4ologischen Untersuchungen die man in <a class=\"more-link\" href=\"https:\/\/faktoria-pruszcz.pl\/?page_id=264&#038;lang=de?p=m\">Czytaj dalej&#8230;<\/a><\/p>\n","protected":false},"author":1,"featured_media":120,"parent":0,"menu_order":0,"comment_status":"closed","ping_status":"closed","template":"","meta":{"ngg_post_thumbnail":0,"footnotes":""},"class_list":["post-264","page","type-page","status-publish","has-post-thumbnail","hentry"],"_links":{"self":[{"href":"https:\/\/faktoria-pruszcz.pl\/index.php?rest_route=\/wp\/v2\/pages\/264","targetHints":{"allow":["GET"]}}],"collection":[{"href":"https:\/\/faktoria-pruszcz.pl\/index.php?rest_route=\/wp\/v2\/pages"}],"about":[{"href":"https:\/\/faktoria-pruszcz.pl\/index.php?rest_route=\/wp\/v2\/types\/page"}],"author":[{"embeddable":true,"href":"https:\/\/faktoria-pruszcz.pl\/index.php?rest_route=\/wp\/v2\/users\/1"}],"replies":[{"embeddable":true,"href":"https:\/\/faktoria-pruszcz.pl\/index.php?rest_route=%2Fwp%2Fv2%2Fcomments&post=264"}],"version-history":[{"count":1,"href":"https:\/\/faktoria-pruszcz.pl\/index.php?rest_route=\/wp\/v2\/pages\/264\/revisions"}],"predecessor-version":[{"id":265,"href":"https:\/\/faktoria-pruszcz.pl\/index.php?rest_route=\/wp\/v2\/pages\/264\/revisions\/265"}],"wp:featuredmedia":[{"embeddable":true,"href":"https:\/\/faktoria-pruszcz.pl\/index.php?rest_route=\/wp\/v2\/media\/120"}],"wp:attachment":[{"href":"https:\/\/faktoria-pruszcz.pl\/index.php?rest_route=%2Fwp%2Fv2%2Fmedia&parent=264"}],"curies":[{"name":"wp","href":"https:\/\/api.w.org\/{rel}","templated":true}]}}