{"id":268,"date":"2017-12-06T20:22:59","date_gmt":"2017-12-06T19:22:59","guid":{"rendered":"http:\/\/faktoria-pruszcz.pl\/?page_id=268"},"modified":"2017-12-06T20:22:59","modified_gmt":"2017-12-06T19:22:59","slug":"das-haus-des-schmiedes","status":"publish","type":"page","link":"https:\/\/faktoria-pruszcz.pl\/?page_id=268&lang=de","title":{"rendered":"Das Haus des Schmiedes"},"content":{"rendered":"<div id=\"tresci_ekspo\">\n<p>Das Haus des Schmiedes ist eine treue Rekonstruktion eines Hauses aus der r\u00f6mischen Zeit. In der Handelsfaktoria kann man auch die Schmiedewerkstatt sehen, in der auch das entsprechende Werkzeug zu bewundern ist. Alle Gegenst\u00e4nde aus Stoff, Holz und Korbweide sind auf eine traditionelle Art und Weise angefertigt worden. Vor dem Eingang in das Haus befindet sich die Schmiedewerkstatt: eine Feuerstelle mit Schmiedebalg und Holzf\u00e4sser mit Wasser, in denen man die gefertigten Gegenst\u00e4nde abgeh\u00e4rtet hat. Auf einem Holzklotz liegt das Grundwerkzeug des Handwerkers: der Ambo\u00df, die Zange, die H\u00e4mmer, Feilen, Lochh\u00e4mmer und andere. Betonenswert ist die Tatsache, dass die Mehrheit des alten Schmiedewerkzeugs in unver\u00e4nderten Form bis heute noch existiert. Das Haus selbst wurde aus Eiche und Nadelholz gebaut. Der Fu\u00dfboden ist aus gespalteten Brettern gefertigt. In dem Haus befindet sich typische Haushaltsausr\u00fcstung: in der Ecke eine viereckige Feuerstelle, das Bett ist mit Pelz und selbst gewebtem Wollstoff bedeckt, vor dem Tisch steht eine Holzkiste, die sowohl die Rolle der Sitzbank hat, aber auch eines Fachs.<\/p>\n<\/div>\n","protected":false},"excerpt":{"rendered":"<p>Das Haus des Schmiedes ist eine treue Rekonstruktion eines Hauses aus der r\u00f6mischen Zeit. In der Handelsfaktoria kann man auch die Schmiedewerkstatt sehen, in der auch das entsprechende Werkzeug zu bewundern ist. Alle Gegenst\u00e4nde aus Stoff, <a class=\"more-link\" href=\"https:\/\/faktoria-pruszcz.pl\/?page_id=268&#038;lang=de?p=m\">Czytaj dalej&#8230;<\/a><\/p>\n","protected":false},"author":1,"featured_media":126,"parent":0,"menu_order":0,"comment_status":"closed","ping_status":"closed","template":"","meta":{"ngg_post_thumbnail":0,"footnotes":""},"class_list":["post-268","page","type-page","status-publish","has-post-thumbnail","hentry"],"_links":{"self":[{"href":"https:\/\/faktoria-pruszcz.pl\/index.php?rest_route=\/wp\/v2\/pages\/268","targetHints":{"allow":["GET"]}}],"collection":[{"href":"https:\/\/faktoria-pruszcz.pl\/index.php?rest_route=\/wp\/v2\/pages"}],"about":[{"href":"https:\/\/faktoria-pruszcz.pl\/index.php?rest_route=\/wp\/v2\/types\/page"}],"author":[{"embeddable":true,"href":"https:\/\/faktoria-pruszcz.pl\/index.php?rest_route=\/wp\/v2\/users\/1"}],"replies":[{"embeddable":true,"href":"https:\/\/faktoria-pruszcz.pl\/index.php?rest_route=%2Fwp%2Fv2%2Fcomments&post=268"}],"version-history":[{"count":1,"href":"https:\/\/faktoria-pruszcz.pl\/index.php?rest_route=\/wp\/v2\/pages\/268\/revisions"}],"predecessor-version":[{"id":271,"href":"https:\/\/faktoria-pruszcz.pl\/index.php?rest_route=\/wp\/v2\/pages\/268\/revisions\/271"}],"wp:featuredmedia":[{"embeddable":true,"href":"https:\/\/faktoria-pruszcz.pl\/index.php?rest_route=\/wp\/v2\/media\/126"}],"wp:attachment":[{"href":"https:\/\/faktoria-pruszcz.pl\/index.php?rest_route=%2Fwp%2Fv2%2Fmedia&parent=268"}],"curies":[{"name":"wp","href":"https:\/\/api.w.org\/{rel}","templated":true}]}}