{"id":280,"date":"2017-12-06T20:24:52","date_gmt":"2017-12-06T19:24:52","guid":{"rendered":"http:\/\/faktoria-pruszcz.pl\/?page_id=280"},"modified":"2017-12-06T20:24:52","modified_gmt":"2017-12-06T19:24:52","slug":"die-markthalle","status":"publish","type":"page","link":"https:\/\/faktoria-pruszcz.pl\/?page_id=280&lang=de","title":{"rendered":"Die Markthalle"},"content":{"rendered":"<p>Die Markthalle ist zum \u201eTreffpunkt mit Arch\u00e4ologie\u201c geworden, im Rahmen dieser Treffen k\u00f6nnen Kinder und Jugendliche lebendige Geschichte lernen. Dank den neuesten multimedialen L\u00f6sungen und nicht konventioneller Didaktik kann das Lernen angenehm werden und zum weiteren Vertiefen der Wissensbereiche inspirieren. Au\u00dfer den fr\u00fcher vorbereiteten Themen sind unsere hochqualifizierte Lehrkr\u00e4fte offen, individuelle Themenvorschl\u00e4ge aus dem Bereich der Urgeschichte zu bearbeiten. Eine sehr gro\u00dfe Attraktion bildet die Sammlung der rekonstruierten Trachten aus der r\u00f6mischen Periode , die sowohl von den einfachen Barbaricum-Einwohnern getragen wurden, als auch von Soldaten der R\u00f6mischen Armee. Auch die Filme, die in der Markthalle gezeigt werden, haben einen Bildungscharakter. Sie stellen den Alltag in der Siedlung in der Zeit des Imperium Romanum dar, erz\u00e4hlen \u00fcber Bernstein, der zu den wertvollsten und sch\u00f6nsten Naturressourcen dieser Gegend geh\u00f6rt. Die j\u00fcngsten G\u00e4ste k\u00f6nnen sich auch wie richtige Arch\u00e4ologen f\u00fchlen und nach wertvollen Funden an einer speziell f\u00fcr diesen Zweck vorbereiteten Stelle suchen.<\/p>\n","protected":false},"excerpt":{"rendered":"<p>Die Markthalle ist zum \u201eTreffpunkt mit Arch\u00e4ologie\u201c geworden, im Rahmen dieser Treffen k\u00f6nnen Kinder und Jugendliche lebendige Geschichte lernen. Dank den neuesten multimedialen L\u00f6sungen und nicht konventioneller Didaktik kann das Lernen angenehm werden und zum weiteren <a class=\"more-link\" href=\"https:\/\/faktoria-pruszcz.pl\/?page_id=280&#038;lang=de?p=m\">Czytaj dalej&#8230;<\/a><\/p>\n","protected":false},"author":1,"featured_media":123,"parent":0,"menu_order":0,"comment_status":"closed","ping_status":"closed","template":"","meta":{"ngg_post_thumbnail":0,"footnotes":""},"class_list":["post-280","page","type-page","status-publish","has-post-thumbnail","hentry"],"_links":{"self":[{"href":"https:\/\/faktoria-pruszcz.pl\/index.php?rest_route=\/wp\/v2\/pages\/280","targetHints":{"allow":["GET"]}}],"collection":[{"href":"https:\/\/faktoria-pruszcz.pl\/index.php?rest_route=\/wp\/v2\/pages"}],"about":[{"href":"https:\/\/faktoria-pruszcz.pl\/index.php?rest_route=\/wp\/v2\/types\/page"}],"author":[{"embeddable":true,"href":"https:\/\/faktoria-pruszcz.pl\/index.php?rest_route=\/wp\/v2\/users\/1"}],"replies":[{"embeddable":true,"href":"https:\/\/faktoria-pruszcz.pl\/index.php?rest_route=%2Fwp%2Fv2%2Fcomments&post=280"}],"version-history":[{"count":1,"href":"https:\/\/faktoria-pruszcz.pl\/index.php?rest_route=\/wp\/v2\/pages\/280\/revisions"}],"predecessor-version":[{"id":283,"href":"https:\/\/faktoria-pruszcz.pl\/index.php?rest_route=\/wp\/v2\/pages\/280\/revisions\/283"}],"wp:featuredmedia":[{"embeddable":true,"href":"https:\/\/faktoria-pruszcz.pl\/index.php?rest_route=\/wp\/v2\/media\/123"}],"wp:attachment":[{"href":"https:\/\/faktoria-pruszcz.pl\/index.php?rest_route=%2Fwp%2Fv2%2Fmedia&parent=280"}],"curies":[{"name":"wp","href":"https:\/\/api.w.org\/{rel}","templated":true}]}}