{"id":356,"date":"2017-12-06T21:27:07","date_gmt":"2017-12-06T20:27:07","guid":{"rendered":"http:\/\/faktoria-pruszcz.pl\/?page_id=356"},"modified":"2017-12-06T21:27:07","modified_gmt":"2017-12-06T20:27:07","slug":"about-faktoria","status":"publish","type":"page","link":"https:\/\/faktoria-pruszcz.pl\/?page_id=356&lang=en","title":{"rendered":"About Faktoria"},"content":{"rendered":"<p>Historically, Pruszcz Gda\u0144ski was located at the lagoon Lake, which guaranteed a direct access to the sea area. Thus, this area was one of the end points on the route connecting tge Baltic amber coasts with the Roman Empire areas. Location at the contemporary lake affected both the development of business contact, as well as enriched a diet of seafood products.<\/p>\n<p>Beyond hydrological factors, for the development of settlement positively affected not only lowland terrain, but also fertile soils bordering \u017bu\u0142awy Wi\u015blane and Pobrze\u017ce Wschodniopomorskie. Finding the relicts of buildings and necropolis emphasizes how strongly developed in economical and social way was the population of this area, identified consecutively with Wielbark and Oksywie cultures.<\/p>\n<p><a href=\"http:\/\/faktoria-pruszcz.pl\/wp-content\/uploads\/2017\/12\/DSC_2788.jpg\" data-rel=\"lightbox-image-0\" data-rl_title=\"\" data-rl_caption=\"\" title=\"\"><img loading=\"lazy\" decoding=\"async\" class=\"size-large wp-image-330 aligncenter\" src=\"http:\/\/faktoria-pruszcz.pl\/wp-content\/uploads\/2017\/12\/DSC_2788-1024x680.jpg\" alt=\"\" width=\"540\" height=\"359\" srcset=\"https:\/\/faktoria-pruszcz.pl\/wp-content\/uploads\/2017\/12\/DSC_2788-1024x680.jpg 1024w, https:\/\/faktoria-pruszcz.pl\/wp-content\/uploads\/2017\/12\/DSC_2788-300x199.jpg 300w, https:\/\/faktoria-pruszcz.pl\/wp-content\/uploads\/2017\/12\/DSC_2788-768x510.jpg 768w\" sizes=\"auto, (max-width: 540px) 100vw, 540px\" \/><\/a><\/p>\n<p>The surroundings of Pruszcz Gda\u0144ski were significant center of provincial and far-reaching trade. Thanks to the numerous archeological analyzing and extensive burial sites, it is known that this region was characterized by a very dense population. Numerous archeological finds of coins, as well as goods and objects imported from the Roman Empire, being found in Pruszcz Gda\u0144ski indicate a significant amount of goods that locals had to offer to newcomers. Additionally, richly equipped graves prove a high level of society.<\/p>\n<p><a href=\"http:\/\/faktoria-pruszcz.pl\/wp-content\/uploads\/2017\/12\/DSC_3471.jpg\" data-rel=\"lightbox-image-1\" data-rl_title=\"\" data-rl_caption=\"\" title=\"\"><img loading=\"lazy\" decoding=\"async\" class=\"size-large wp-image-332 aligncenter\" src=\"http:\/\/faktoria-pruszcz.pl\/wp-content\/uploads\/2017\/12\/DSC_3471-1024x680.jpg\" alt=\"\" width=\"540\" height=\"359\" srcset=\"https:\/\/faktoria-pruszcz.pl\/wp-content\/uploads\/2017\/12\/DSC_3471-1024x680.jpg 1024w, https:\/\/faktoria-pruszcz.pl\/wp-content\/uploads\/2017\/12\/DSC_3471-300x199.jpg 300w, https:\/\/faktoria-pruszcz.pl\/wp-content\/uploads\/2017\/12\/DSC_3471-768x510.jpg 768w\" sizes=\"auto, (max-width: 540px) 100vw, 540px\" \/><\/a><\/p>\n<p>Reconstruction of the ancient amber trade village and the Amber Route from Roman period is a unique tourist product in the country. Project implementation will increase cultural and tourist attractiveness of Pomerania, through the promotion of cultural heritage of the Baltic Sea. Amber Route and trade with Romans is poorly promoted and developed element and, after all, it is an important and distinctive output of the cultural heritage of the region and this part of Europe. Factoria consists of: The Chief Hut \u2013 museum exposition, The Market Hall \u2013 a place of \u2018meetings with archeology\u2019, and reconstructions of The Amber Craftsman Hut and The Blacksmith Hut, all of them were intended as a place of connection of new technologies with the richness of archeological monuments and the beauty of amber exhibits. The result of this project is an extremely interesting object where you can not only relax, but also learn about life nearly two thousand years ago.<\/p>\n","protected":false},"excerpt":{"rendered":"<p>Historically, Pruszcz Gda\u0144ski was located at the lagoon Lake, which guaranteed a direct access to the sea area. Thus, this area was one of the end points on the route connecting tge Baltic amber coasts with <a class=\"more-link\" href=\"https:\/\/faktoria-pruszcz.pl\/?page_id=356&#038;lang=en?p=m\">Czytaj dalej&#8230;<\/a><\/p>\n","protected":false},"author":1,"featured_media":222,"parent":0,"menu_order":0,"comment_status":"closed","ping_status":"closed","template":"","meta":{"ngg_post_thumbnail":0,"footnotes":""},"class_list":["post-356","page","type-page","status-publish","has-post-thumbnail","hentry"],"_links":{"self":[{"href":"https:\/\/faktoria-pruszcz.pl\/index.php?rest_route=\/wp\/v2\/pages\/356","targetHints":{"allow":["GET"]}}],"collection":[{"href":"https:\/\/faktoria-pruszcz.pl\/index.php?rest_route=\/wp\/v2\/pages"}],"about":[{"href":"https:\/\/faktoria-pruszcz.pl\/index.php?rest_route=\/wp\/v2\/types\/page"}],"author":[{"embeddable":true,"href":"https:\/\/faktoria-pruszcz.pl\/index.php?rest_route=\/wp\/v2\/users\/1"}],"replies":[{"embeddable":true,"href":"https:\/\/faktoria-pruszcz.pl\/index.php?rest_route=%2Fwp%2Fv2%2Fcomments&post=356"}],"version-history":[{"count":1,"href":"https:\/\/faktoria-pruszcz.pl\/index.php?rest_route=\/wp\/v2\/pages\/356\/revisions"}],"predecessor-version":[{"id":359,"href":"https:\/\/faktoria-pruszcz.pl\/index.php?rest_route=\/wp\/v2\/pages\/356\/revisions\/359"}],"wp:featuredmedia":[{"embeddable":true,"href":"https:\/\/faktoria-pruszcz.pl\/index.php?rest_route=\/wp\/v2\/media\/222"}],"wp:attachment":[{"href":"https:\/\/faktoria-pruszcz.pl\/index.php?rest_route=%2Fwp%2Fv2%2Fmedia&parent=356"}],"curies":[{"name":"wp","href":"https:\/\/api.w.org\/{rel}","templated":true}]}}