{"id":367,"date":"2017-12-06T21:35:10","date_gmt":"2017-12-06T20:35:10","guid":{"rendered":"http:\/\/faktoria-pruszcz.pl\/?page_id=367"},"modified":"2017-12-06T21:35:10","modified_gmt":"2017-12-06T20:35:10","slug":"die-stadt","status":"publish","type":"page","link":"https:\/\/faktoria-pruszcz.pl\/?page_id=367&lang=de","title":{"rendered":"Die Stadt"},"content":{"rendered":"<p>Pruszcz Gda\u0144ski ist eine Stadt mit 27 Tausend Einwohnern,wirtschaftliche und kulturelle Hauptstadt des Kreises (100.000 Einwohner). Sie liegt an der Abzweigung der Hauptverkehrsrouten Danzig-Warschau und Danzig- \u0141\u00f3d\u017a. Ein zus\u00e4tzlicher Vorteil bildet die direkte Nachbarschaft der Umgehungsstra\u00dfe Danzigs und der Autobahn A1, die den Norden Polens mit dem S\u00fcden verbindet. In der Stadt sind jetzt \u00fcber 3000 Firmen eingetragen und t\u00e4tig. Es gibt hier die Ostsee-Investitionszone, es entstehen st\u00e4ndig neue Wohnsiedlungen und Dienstleistungseinrichtungen.<\/p>\n<p><a href=\"http:\/\/faktoria-pruszcz.pl\/wp-content\/uploads\/2017\/12\/grafika265centrum-miasta.jpg\" data-rel=\"lightbox-image-0\" data-rl_title=\"\" data-rl_caption=\"\" title=\"\"><img loading=\"lazy\" decoding=\"async\" class=\"wp-image-363 aligncenter\" src=\"http:\/\/faktoria-pruszcz.pl\/wp-content\/uploads\/2017\/12\/grafika265centrum-miasta.jpg\" alt=\"\" width=\"540\" height=\"359\" srcset=\"https:\/\/faktoria-pruszcz.pl\/wp-content\/uploads\/2017\/12\/grafika265centrum-miasta.jpg 800w, https:\/\/faktoria-pruszcz.pl\/wp-content\/uploads\/2017\/12\/grafika265centrum-miasta-300x200.jpg 300w, https:\/\/faktoria-pruszcz.pl\/wp-content\/uploads\/2017\/12\/grafika265centrum-miasta-768x511.jpg 768w\" sizes=\"auto, (max-width: 540px) 100vw, 540px\" \/><\/a><\/p>\n<p>Der Stadtkern wurde erneuert und wiederbelebt, diese Ma\u00dfnahme wurde 2009 mit dem Preis der Polnischen Gesellschaft der St\u00e4dteplaner in einem nationalen Wettbewerb \u201eBewirtschaftung des \u00f6ffentlichen Raumes\u201c preisgekr\u00f6nt. Im Sommer wird Pruszcz Gda\u0144ski zur Kulturhauptstadt der Region. Im Rahmen der \u201eFaktoria der Kultur\u201c, im Amphitheater des Internationalen Ostsee-Kulturparks, finden Theatervorstellungen im Freien und Musikkonzerte statt. Die Rekonstruktion der Bernsteinroute und der Handelsfaktoria aus den r\u00f6mischen Zeiten geh\u00f6ren zu echten touristischen Attraktionen der Stadt. Die Faktoria wurde genau nach den historischen und arch\u00e4ologischen Anweisungen gebaut.<\/p>\n<p><strong><span style=\"font-size: 14pt;\">Sehensw\u00fcrdigkeiten von Pruszcz Gda\u0144ski<\/span><\/strong><\/p>\n<p><strong>Kreuzerh\u00f6hung-Kirche<\/strong><br \/>\nin der ul. Wojska Polskiego<\/p>\n<p><strong>Radaune-Kanal<\/strong><br \/>\nentlang der ul. Wojska Polskiego<\/p>\n<p><strong>Maria von der immerw\u00e4hrenden Hilfe-Kirche<\/strong><br \/>\nin der ul. Chopina<\/p>\n<p><strong>Ehemaliges Pfarrhaus, heute Bibliothek<\/strong><br \/>\nin der ul. Wojska Polskiego<\/p>\n<p><strong>Wasserkraftwerk<\/strong><br \/>\nin der ul. Skarpowa<\/p>\n<p><strong>Zuckerfabrik<\/strong><br \/>\nin der ul. Chopina<\/p>\n<p>&nbsp;<\/p>\n","protected":false},"excerpt":{"rendered":"<p>Pruszcz Gda\u0144ski ist eine Stadt mit 27 Tausend Einwohnern,wirtschaftliche und kulturelle Hauptstadt des Kreises (100.000 Einwohner). Sie liegt an der Abzweigung der Hauptverkehrsrouten Danzig-Warschau und Danzig- \u0141\u00f3d\u017a. Ein zus\u00e4tzlicher Vorteil bildet die direkte Nachbarschaft der Umgehungsstra\u00dfe <a class=\"more-link\" href=\"https:\/\/faktoria-pruszcz.pl\/?page_id=367&#038;lang=de?p=m\">Czytaj dalej&#8230;<\/a><\/p>\n","protected":false},"author":1,"featured_media":221,"parent":0,"menu_order":0,"comment_status":"closed","ping_status":"closed","template":"","meta":{"ngg_post_thumbnail":0,"footnotes":""},"class_list":["post-367","page","type-page","status-publish","has-post-thumbnail","hentry"],"_links":{"self":[{"href":"https:\/\/faktoria-pruszcz.pl\/index.php?rest_route=\/wp\/v2\/pages\/367","targetHints":{"allow":["GET"]}}],"collection":[{"href":"https:\/\/faktoria-pruszcz.pl\/index.php?rest_route=\/wp\/v2\/pages"}],"about":[{"href":"https:\/\/faktoria-pruszcz.pl\/index.php?rest_route=\/wp\/v2\/types\/page"}],"author":[{"embeddable":true,"href":"https:\/\/faktoria-pruszcz.pl\/index.php?rest_route=\/wp\/v2\/users\/1"}],"replies":[{"embeddable":true,"href":"https:\/\/faktoria-pruszcz.pl\/index.php?rest_route=%2Fwp%2Fv2%2Fcomments&post=367"}],"version-history":[{"count":1,"href":"https:\/\/faktoria-pruszcz.pl\/index.php?rest_route=\/wp\/v2\/pages\/367\/revisions"}],"predecessor-version":[{"id":370,"href":"https:\/\/faktoria-pruszcz.pl\/index.php?rest_route=\/wp\/v2\/pages\/367\/revisions\/370"}],"wp:featuredmedia":[{"embeddable":true,"href":"https:\/\/faktoria-pruszcz.pl\/index.php?rest_route=\/wp\/v2\/media\/221"}],"wp:attachment":[{"href":"https:\/\/faktoria-pruszcz.pl\/index.php?rest_route=%2Fwp%2Fv2%2Fmedia&parent=367"}],"curies":[{"name":"wp","href":"https:\/\/api.w.org\/{rel}","templated":true}]}}