{"id":375,"date":"2017-12-06T21:39:24","date_gmt":"2017-12-06T20:39:24","guid":{"rendered":"http:\/\/faktoria-pruszcz.pl\/?page_id=375"},"modified":"2017-12-06T21:39:24","modified_gmt":"2017-12-06T20:39:24","slug":"die-lebendige-archaeologie","status":"publish","type":"page","link":"https:\/\/faktoria-pruszcz.pl\/?page_id=375&lang=de","title":{"rendered":"Die lebendige Arch\u00e4ologie"},"content":{"rendered":"<p lang=\"de-DE\">Die Handelsfaktoria in Pruszcz Gda\u0144ski ist kein \u00fcbliches Museum. Es ist eine Stelle, in der eine Zeitreise m\u00f6glich ist, pl\u00f6tzlich befindet man sich in der Zeit vor 2000 Jahren. Man kann die Lebensbedingungen der damaligen Einwohner der Gebiete an der s\u00fcdlichen Ostseek\u00fcste kennen lernen, das Leben in der damaligen Siedlung beobachten.<\/p>\n<p><a href=\"http:\/\/faktoria-pruszcz.pl\/wp-content\/uploads\/2017\/12\/DSC_9372.jpg\" data-rel=\"lightbox-image-0\" data-rl_title=\"\" data-rl_caption=\"\" title=\"\"><img loading=\"lazy\" decoding=\"async\" class=\"size-large wp-image-339 aligncenter\" src=\"http:\/\/faktoria-pruszcz.pl\/wp-content\/uploads\/2017\/12\/DSC_9372-1024x680.jpg\" alt=\"\" width=\"540\" height=\"359\" srcset=\"https:\/\/faktoria-pruszcz.pl\/wp-content\/uploads\/2017\/12\/DSC_9372-1024x680.jpg 1024w, https:\/\/faktoria-pruszcz.pl\/wp-content\/uploads\/2017\/12\/DSC_9372-300x199.jpg 300w, https:\/\/faktoria-pruszcz.pl\/wp-content\/uploads\/2017\/12\/DSC_9372-768x510.jpg 768w\" sizes=\"auto, (max-width: 540px) 100vw, 540px\" \/><\/a><\/p>\n<p lang=\"de-DE\">Die lebendige Arch\u00e4ologie bedeutet Ausgrabungen und Geschichteunterricht in einer komplett neuen Form. Man kann hier nicht nur sehen, wie man T\u00f6pfe gefertigt hat, man kann auch mit einem T\u00f6pfer reden und mit ihm zusammen arbeiten. Man kann nicht\u00a0nur sehen, wie man Pfeile gefertigt hat, man kann auch selbst eine fertigen und dann Pfeil und Bogen schie\u00dfen. Man kann auch die Geheimnisse einer Bernsteinwerkstatt kennen lernen und eigene F\u00e4higkeiten ausprobieren.<\/p>\n<p><a href=\"http:\/\/faktoria-pruszcz.pl\/wp-content\/uploads\/2017\/12\/DSC_9702.jpg\" data-rel=\"lightbox-image-1\" data-rl_title=\"\" data-rl_caption=\"\" title=\"\"><img loading=\"lazy\" decoding=\"async\" class=\"size-large wp-image-344 aligncenter\" src=\"http:\/\/faktoria-pruszcz.pl\/wp-content\/uploads\/2017\/12\/DSC_9702-1024x680.jpg\" alt=\"\" width=\"540\" height=\"359\" srcset=\"https:\/\/faktoria-pruszcz.pl\/wp-content\/uploads\/2017\/12\/DSC_9702-1024x680.jpg 1024w, https:\/\/faktoria-pruszcz.pl\/wp-content\/uploads\/2017\/12\/DSC_9702-300x199.jpg 300w, https:\/\/faktoria-pruszcz.pl\/wp-content\/uploads\/2017\/12\/DSC_9702-768x510.jpg 768w\" sizes=\"auto, (max-width: 540px) 100vw, 540px\" \/><\/a><\/p>\n<p lang=\"de-DE\">Der Besuch in der Rekonstruktion einer Handelssiedlung Faktoria ist eine Art Geschichteunterricht, verbunden aber mit Spielen im Freien f\u00fcr die ganze Familie. Au\u00dfer der M\u00f6glichkeit, die historischen Handwerksarten n\u00e4her kennen zu lernen, das Leben der Goten \u2013 Einwohner von Pommern am Anfang der Neuzeit, hat man f\u00fcr die Besucher viele Attraktionen vorbereitet. Man kann historische Spiele wie : Kubb und Bula ausprobieren, Spa\u00df am Tauziehen, Speerwurf oder Sackh\u00fcpfen haben.<\/p>\n<p><a href=\"http:\/\/faktoria-pruszcz.pl\/wp-content\/uploads\/2017\/12\/DSC02033-2.jpg\" data-rel=\"lightbox-image-2\" data-rl_title=\"\" data-rl_caption=\"\" title=\"\"><img loading=\"lazy\" decoding=\"async\" class=\"size-large wp-image-345 aligncenter\" src=\"http:\/\/faktoria-pruszcz.pl\/wp-content\/uploads\/2017\/12\/DSC02033-2-1024x768.jpg\" alt=\"\" width=\"540\" height=\"405\" srcset=\"https:\/\/faktoria-pruszcz.pl\/wp-content\/uploads\/2017\/12\/DSC02033-2-1024x768.jpg 1024w, https:\/\/faktoria-pruszcz.pl\/wp-content\/uploads\/2017\/12\/DSC02033-2-300x225.jpg 300w, https:\/\/faktoria-pruszcz.pl\/wp-content\/uploads\/2017\/12\/DSC02033-2-768x576.jpg 768w\" sizes=\"auto, (max-width: 540px) 100vw, 540px\" \/><\/a><\/p>\n<p lang=\"de-DE\">Die Faktoria organisiert auch regelm\u00e4\u00dfige Schauen und Workshops, an denen sich die Besucher auch beteiligen k\u00f6nnen. Man kann an einer Keramikwerkstatt teil nehmen, lernen, wie man Gewebe f\u00e4rbt, in einer Schmiede eigene Kr\u00e4fte ausprobieren oder frisch ger\u00e4ucherten Fisch aus der rekonstruierten historischen R\u00e4ucherkammer kosten. Man kann auch andere alte Techniken, die in der K\u00fcche eingesetzt waren, kennen lernen.<\/p>\n","protected":false},"excerpt":{"rendered":"<p>Die Handelsfaktoria in Pruszcz Gda\u0144ski ist kein \u00fcbliches Museum. Es ist eine Stelle, in der eine Zeitreise m\u00f6glich ist, pl\u00f6tzlich befindet man sich in der Zeit vor 2000 Jahren. Man kann die Lebensbedingungen der damaligen Einwohner <a class=\"more-link\" href=\"https:\/\/faktoria-pruszcz.pl\/?page_id=375&#038;lang=de?p=m\">Czytaj dalej&#8230;<\/a><\/p>\n","protected":false},"author":1,"featured_media":223,"parent":0,"menu_order":0,"comment_status":"closed","ping_status":"closed","template":"","meta":{"ngg_post_thumbnail":0,"footnotes":""},"class_list":["post-375","page","type-page","status-publish","has-post-thumbnail","hentry"],"_links":{"self":[{"href":"https:\/\/faktoria-pruszcz.pl\/index.php?rest_route=\/wp\/v2\/pages\/375","targetHints":{"allow":["GET"]}}],"collection":[{"href":"https:\/\/faktoria-pruszcz.pl\/index.php?rest_route=\/wp\/v2\/pages"}],"about":[{"href":"https:\/\/faktoria-pruszcz.pl\/index.php?rest_route=\/wp\/v2\/types\/page"}],"author":[{"embeddable":true,"href":"https:\/\/faktoria-pruszcz.pl\/index.php?rest_route=\/wp\/v2\/users\/1"}],"replies":[{"embeddable":true,"href":"https:\/\/faktoria-pruszcz.pl\/index.php?rest_route=%2Fwp%2Fv2%2Fcomments&post=375"}],"version-history":[{"count":1,"href":"https:\/\/faktoria-pruszcz.pl\/index.php?rest_route=\/wp\/v2\/pages\/375\/revisions"}],"predecessor-version":[{"id":378,"href":"https:\/\/faktoria-pruszcz.pl\/index.php?rest_route=\/wp\/v2\/pages\/375\/revisions\/378"}],"wp:featuredmedia":[{"embeddable":true,"href":"https:\/\/faktoria-pruszcz.pl\/index.php?rest_route=\/wp\/v2\/media\/223"}],"wp:attachment":[{"href":"https:\/\/faktoria-pruszcz.pl\/index.php?rest_route=%2Fwp%2Fv2%2Fmedia&parent=375"}],"curies":[{"name":"wp","href":"https:\/\/api.w.org\/{rel}","templated":true}]}}