{"id":403,"date":"2017-12-07T19:23:04","date_gmt":"2017-12-07T18:23:04","guid":{"rendered":"http:\/\/faktoria-pruszcz.pl\/?page_id=403"},"modified":"2018-02-03T14:43:26","modified_gmt":"2018-02-03T13:43:26","slug":"dojazd","status":"publish","type":"page","link":"https:\/\/faktoria-pruszcz.pl\/?page_id=403","title":{"rendered":"Dojazd"},"content":{"rendered":"<p>Mi\u0119dzynarodowy Ba\u0142tycki Park Kulturowy Faktoria zlokalizowany jest w centrum\u00a0Pruszcza Gda\u0144skiego, pomi\u0119dzy ulicami Grunwaldzk\u0105, a Zastawn\u0105. Dotrze\u0107 do nas mo\u017cna zar\u00f3wno transportem\u00a0publicznym jak i w\u0142asnym samochodem.<\/p>\n<p><strong><span style=\"font-size: 12pt;\">Dojazd:<\/span><\/strong><\/p>\n<p><strong>autobusem<\/strong><\/p>\n<ul style=\"list-style-type: circle;\">\n<li>(Z przystanku Gda\u0144sk Dworzec G\u0142\u00f3wny do przystanku Pruszcz Gd. Faktoria)<br \/>\nlinia nr 132, N5<\/li>\n<li>(Z przystanku Gda\u0144sk Dworzec G\u0142\u00f3wny do przystanku Pruszcz Gd. ul. Matejki)<br \/>\nlinia nr 232, 50, 51<\/li>\n<li>(Z przystanku Gda\u0144sk Dworzec G\u0142\u00f3wny do przystanku\u00a0 Pruszcz Gd. ul. Wojska Polskiego)<br \/>\nlinia J<\/li>\n<li>(Z przystanku Gda\u0144sk Dworzec G\u0142\u00f3wny do przystanku Pruszcz Gd. ul. Wal\u0105ga)<br \/>\nlinia nr 207, 205<\/li>\n<li>oraz liczne busy\u00a0kursuj\u0105ce na trasie Gda\u0144sk &#8211; Pruszcz Gd.<\/li>\n<\/ul>\n<p><strong>poci\u0105giem<\/strong><\/p>\n<ul>\n<li>(ok. 15 min. z dworca PKP Gda\u0144sk\u00a0G\u0142\u00f3wny)<br \/>\n15 min pieszo z dworca kolejowego w Pruszczu Gda\u0144skim.<\/li>\n<\/ul>\n<p><strong>samochodem<\/strong><\/p>\n<ul>\n<li>zar\u00f3wno od strony ul. Grunwaldzkiej, jak i obwodnic\u0105 tr\u00f3jmiejsk\u0105 (zjazd kierunek Pruszcz Gd.).<br \/>\nMiejsca parkingowe i wjazd znajduj\u0105 si\u0119 przy ul. Grunwaldzkiej &#8211; nale\u017cy skr\u0119ci\u0107 ko\u0142o budynku Pierogarni.<\/li>\n<\/ul>\n<p><span style=\"font-size: 12pt;\"> <strong>Zobacz rozk\u0142ad jazdy:<\/strong><\/span><\/p>\n<p>linia autobusowa nr\u00a0<a href=\"http:\/\/www.ztm.gda.pl\/rozklady\/linia-132.html\">132<\/a>, <a href=\"http:\/\/www.ztm.gda.pl\/rozklady\/linia-232.html\" target=\"_blank\" rel=\"noopener\">232<\/a>, <a href=\"http:\/\/www.ztm.gda.pl\/rozklady\/linia-207.html\" target=\"_blank\" rel=\"noopener\">207<\/a>, <a href=\"http:\/\/www.ztm.gda.pl\/rozklady\/linia-205.html\" target=\"_blank\" rel=\"noopener\">205<\/a>, <a href=\"http:\/\/www.ztm.gda.pl\/rozklady\/linia-N5.html\" target=\"_blank\" rel=\"noopener\">N5<\/a><br \/>\noraz <a href=\"http:\/\/rozklad-pkp.pl\/\" target=\"_blank\" rel=\"noopener\">PKP<\/a><\/p>\n<p><iframe loading=\"lazy\" style=\"border: 0; margin: 10px auto;\" src=\"https:\/\/www.google.com\/maps\/embed?pb=!1m18!1m12!1m3!1d2331.009746513513!2d18.626053415973455!3d54.250712614285874!2m3!1f0!2f0!3f0!3m2!1i1024!2i768!4f13.1!3m3!1m2!1s0x46fd705a2c93604b%3A0xe40eb2575a457be!2sFAKTORIA+Pruszcz+Gda%C5%84ski!5e0!3m2!1spl!2spl!4v1512392265737\" width=\"100%\" height=\"450\" frameborder=\"0\" allowfullscreen=\"allowfullscreen\"><span style=\"display: inline-block; width: 0px; overflow: hidden; line-height: 0;\" data-mce-type=\"bookmark\" class=\"mce_SELRES_start\">\ufeff<\/span><span style=\"display: inline-block; width: 0px; overflow: hidden; line-height: 0;\" data-mce-type=\"bookmark\" class=\"mce_SELRES_start\">\ufeff<\/span><\/iframe><\/p>\n","protected":false},"excerpt":{"rendered":"<p>Mi\u0119dzynarodowy Ba\u0142tycki Park Kulturowy Faktoria zlokalizowany jest w centrum\u00a0Pruszcza Gda\u0144skiego, pomi\u0119dzy ulicami Grunwaldzk\u0105, a Zastawn\u0105. Dotrze\u0107 do nas mo\u017cna zar\u00f3wno transportem\u00a0publicznym jak i w\u0142asnym samochodem. Dojazd: autobusem (Z przystanku Gda\u0144sk Dworzec G\u0142\u00f3wny do przystanku Pruszcz Gd. <a class=\"more-link\" href=\"https:\/\/faktoria-pruszcz.pl\/?page_id=403?p=m\">Czytaj dalej&#8230;<\/a><\/p>\n","protected":false},"author":1,"featured_media":340,"parent":0,"menu_order":0,"comment_status":"closed","ping_status":"closed","template":"","meta":{"ngg_post_thumbnail":0,"footnotes":""},"class_list":["post-403","page","type-page","status-publish","has-post-thumbnail","hentry"],"_links":{"self":[{"href":"https:\/\/faktoria-pruszcz.pl\/index.php?rest_route=\/wp\/v2\/pages\/403","targetHints":{"allow":["GET"]}}],"collection":[{"href":"https:\/\/faktoria-pruszcz.pl\/index.php?rest_route=\/wp\/v2\/pages"}],"about":[{"href":"https:\/\/faktoria-pruszcz.pl\/index.php?rest_route=\/wp\/v2\/types\/page"}],"author":[{"embeddable":true,"href":"https:\/\/faktoria-pruszcz.pl\/index.php?rest_route=\/wp\/v2\/users\/1"}],"replies":[{"embeddable":true,"href":"https:\/\/faktoria-pruszcz.pl\/index.php?rest_route=%2Fwp%2Fv2%2Fcomments&post=403"}],"version-history":[{"count":6,"href":"https:\/\/faktoria-pruszcz.pl\/index.php?rest_route=\/wp\/v2\/pages\/403\/revisions"}],"predecessor-version":[{"id":3629,"href":"https:\/\/faktoria-pruszcz.pl\/index.php?rest_route=\/wp\/v2\/pages\/403\/revisions\/3629"}],"wp:featuredmedia":[{"embeddable":true,"href":"https:\/\/faktoria-pruszcz.pl\/index.php?rest_route=\/wp\/v2\/media\/340"}],"wp:attachment":[{"href":"https:\/\/faktoria-pruszcz.pl\/index.php?rest_route=%2Fwp%2Fv2%2Fmedia&parent=403"}],"curies":[{"name":"wp","href":"https:\/\/api.w.org\/{rel}","templated":true}]}}