{"id":419,"date":"2017-12-08T10:34:26","date_gmt":"2017-12-08T09:34:26","guid":{"rendered":"http:\/\/faktoria-pruszcz.pl\/?page_id=419"},"modified":"2018-02-03T14:44:29","modified_gmt":"2018-02-03T13:44:29","slug":"how-to-get","status":"publish","type":"page","link":"https:\/\/faktoria-pruszcz.pl\/?page_id=419&lang=en","title":{"rendered":"How to get"},"content":{"rendered":"<p>Factoria is located in the center of Pruszcz Gda\u0144ski, between Grunwaldzka and Zastawna streets. You can get to us by both public and your own transport.<\/p>\n<p><span style=\"font-size: 12pt;\"><strong>Bus<\/strong><\/span><\/p>\n<ul>\n<li>(from Gda\u0144sk &#8211; Dworzec G\u0142\u00f3wny\/PKP to Pruszcz Gda\u0144ski 'Faktoria&#8217;) bus <strong>132<\/strong>, <strong>N5<\/strong><\/li>\n<li>(from Gda\u0144sk &#8211; Dworzec G\u0142\u00f3wny\/PKP to Pruszcz Gda\u0144ski 'Matejki&#8217;) bus\u00a0<strong>232<\/strong>,\u00a0<strong>50<\/strong>,\u00a0<strong>51<\/strong><\/li>\n<li>(from Gda\u0144sk &#8211; Dworzec G\u0142\u00f3wny\/PKP to Pruszcz Gda\u0144ski 'Wojska Polskiego&#8217;) bus <strong>J<\/strong><\/li>\n<li>(from Gda\u0144sk &#8211; Dworzec G\u0142\u00f3wny\/PKP to Pruszcz Gda\u0144ski 'Wal\u0105ga&#8217;) bus <strong>207<\/strong>, <strong>205<\/strong><\/li>\n<li>private bus lines from Gda\u0144sk to Pruszcz Gda\u0144ski<\/li>\n<\/ul>\n<p><span style=\"font-size: 12pt;\"><strong>Train<\/strong><\/span><\/p>\n<ul>\n<li>(PKP &#8211; 15 min. from Gda\u0144sk G\u0142\u00f3wny)<br \/>\nthen walk 15 min according to follow-signs<\/li>\n<\/ul>\n<p><span style=\"font-size: 12pt;\"><strong>Car<\/strong><\/span><\/p>\n<ul>\n<li>both from Grunwaldzka St. &#8211; main artery of Pruszcz Gda\u0144ski and Gda\u0144sk bypass (direction: Pruszcz Gda\u0144ski).<br \/>\nEntry from Grunwaldzka St., parking is charge free.<\/li>\n<\/ul>\n<p><strong>Schedules of public transport:<\/strong><\/p>\n<p>BUSES:\u00a0<a href=\"http:\/\/www.ztm.gda.pl\/rozklady\/linia-132.html\">132<\/a>, <a href=\"http:\/\/www.ztm.gda.pl\/rozklady\/linia-232.html\" target=\"_blank\" rel=\"noopener\">232<\/a>, <a href=\"http:\/\/www.ztm.gda.pl\/rozklady\/linia-207.html\" target=\"_blank\" rel=\"noopener\">207<\/a>, <a href=\"http:\/\/www.ztm.gda.pl\/rozklady\/linia-205.html\" target=\"_blank\" rel=\"noopener\">205<\/a>, <a href=\"http:\/\/www.ztm.gda.pl\/rozklady\/linia-N5.html\" target=\"_blank\" rel=\"noopener\">N5<\/a><br \/>\nTRAINS: <a href=\"http:\/\/rozklad-pkp.pl\/?utm_source=pkppl&amp;utm_medium=boksrozklad&amp;utm_campaign=pkppl&amp;_ga=2.218811481.1121398842.1517664951-707228691.1517664951\" target=\"_blank\" rel=\"noopener\">PKP<\/a><\/p>\n<p><iframe loading=\"lazy\" style=\"border: 0; margin: 10px auto;\" src=\"https:\/\/www.google.com\/maps\/embed?pb=!1m18!1m12!1m3!1d2331.009746513513!2d18.626053415973455!3d54.250712614285874!2m3!1f0!2f0!3f0!3m2!1i1024!2i768!4f13.1!3m3!1m2!1s0x46fd705a2c93604b%3A0xe40eb2575a457be!2sFAKTORIA+Pruszcz+Gda%C5%84ski!5e0!3m2!1spl!2spl!4v1512392265737\" width=\"100%\" height=\"450\" frameborder=\"0\" allowfullscreen=\"allowfullscreen\"><span style=\"display: inline-block; width: 0px; overflow: hidden; line-height: 0;\" data-mce-type=\"bookmark\" class=\"mce_SELRES_start\">\ufeff<\/span><span style=\"display: inline-block; width: 0px; overflow: hidden; line-height: 0;\" data-mce-type=\"bookmark\" class=\"mce_SELRES_start\">\ufeff<\/span><\/iframe><\/p>\n","protected":false},"excerpt":{"rendered":"<p>Factoria is located in the center of Pruszcz Gda\u0144ski, between Grunwaldzka and Zastawna streets. You can get to us by both public and your own transport. Bus (from Gda\u0144sk &#8211; Dworzec G\u0142\u00f3wny\/PKP to Pruszcz Gda\u0144ski 'Faktoria&#8217;) <a class=\"more-link\" href=\"https:\/\/faktoria-pruszcz.pl\/?page_id=419&#038;lang=en?p=m\">Czytaj dalej&#8230;<\/a><\/p>\n","protected":false},"author":1,"featured_media":340,"parent":0,"menu_order":0,"comment_status":"closed","ping_status":"closed","template":"","meta":{"ngg_post_thumbnail":0,"footnotes":""},"class_list":["post-419","page","type-page","status-publish","has-post-thumbnail","hentry"],"_links":{"self":[{"href":"https:\/\/faktoria-pruszcz.pl\/index.php?rest_route=\/wp\/v2\/pages\/419","targetHints":{"allow":["GET"]}}],"collection":[{"href":"https:\/\/faktoria-pruszcz.pl\/index.php?rest_route=\/wp\/v2\/pages"}],"about":[{"href":"https:\/\/faktoria-pruszcz.pl\/index.php?rest_route=\/wp\/v2\/types\/page"}],"author":[{"embeddable":true,"href":"https:\/\/faktoria-pruszcz.pl\/index.php?rest_route=\/wp\/v2\/users\/1"}],"replies":[{"embeddable":true,"href":"https:\/\/faktoria-pruszcz.pl\/index.php?rest_route=%2Fwp%2Fv2%2Fcomments&post=419"}],"version-history":[{"count":4,"href":"https:\/\/faktoria-pruszcz.pl\/index.php?rest_route=\/wp\/v2\/pages\/419\/revisions"}],"predecessor-version":[{"id":3630,"href":"https:\/\/faktoria-pruszcz.pl\/index.php?rest_route=\/wp\/v2\/pages\/419\/revisions\/3630"}],"wp:featuredmedia":[{"embeddable":true,"href":"https:\/\/faktoria-pruszcz.pl\/index.php?rest_route=\/wp\/v2\/media\/340"}],"wp:attachment":[{"href":"https:\/\/faktoria-pruszcz.pl\/index.php?rest_route=%2Fwp%2Fv2%2Fmedia&parent=419"}],"curies":[{"name":"wp","href":"https:\/\/api.w.org\/{rel}","templated":true}]}}