{"id":421,"date":"2017-12-08T10:50:23","date_gmt":"2017-12-08T09:50:23","guid":{"rendered":"http:\/\/faktoria-pruszcz.pl\/?page_id=421"},"modified":"2025-05-23T11:59:10","modified_gmt":"2025-05-23T09:59:10","slug":"cennik","status":"publish","type":"page","link":"https:\/\/faktoria-pruszcz.pl\/?page_id=421","title":{"rendered":"Cennik"},"content":{"rendered":"<p><span style=\"font-size: 12pt\"><strong>Bilety indywidualne:<\/strong><\/span><\/p>\n<table style=\"width: 100%\" border=\"0\" cellspacing=\"0\" cellpadding=\"10\">\n<tbody>\n<tr>\n<td valign=\"top\" width=\"228\"><strong>Rodzaj <\/strong><\/p>\n<p><strong>bilet normalny <\/strong><\/p>\n<p><strong>bilet ulgowy<\/strong><\/p>\n<p><strong>bilet okoliczno\u015bciowy<\/strong><\/p>\n<p><strong>bilet eventowy &#8211; indywidualny<\/strong><\/td>\n<td valign=\"top\" width=\"50\"><b>Bez karty mieszka\u0144ca<\/b><\/p>\n<p>15,00 PLN<\/p>\n<p>9,00 PLN<\/p>\n<p>5,00 PLN<\/p>\n<p>20,00 PLN<\/td>\n<td valign=\"top\" width=\"50\"><b>Z kart\u0105 mieszka\u0144ca<\/b><\/p>\n<p>9,00 PLN&nbsp;<\/p>\n<p>6,00 PLN<\/p>\n<p>3,00 PLN<\/p>\n<p>15,00 PLN<\/td>\n<\/tr>\n<\/tbody>\n<\/table>\n<p><em>Bilety z Pruszcza\u0144sk\u0105 Kart\u0105 Du\u017cej Rodziny 3 Plus 50% ta\u0144sze.<\/em><\/p>\n<p><em>Mo\u017cliwo\u015b\u0107 zwiedzania z audioprzewodnikiem w cenie biletu.<\/em><\/p>\n<p><span style=\"font-size: 12pt\"><strong>Bilety grupowe:<\/strong><\/span><\/p>\n<table style=\"width: 93.1416%\" border=\"0\" cellspacing=\"0\" cellpadding=\"10\">\n<tbody>\n<tr>\n<td style=\"width: 44.6828%\" valign=\"top\"><strong>Rodzaj<br \/>\n<\/strong><\/td>\n<td style=\"width: 29.1881%\" valign=\"top\"><strong>Bez karty mieszka\u0144ca<\/strong><\/td>\n<td style=\"width: 25.8729%\" valign=\"top\"><strong><b>Z kart\u0105 mieszka\u0144ca<\/b><\/strong><\/td>\n<\/tr>\n<tr>\n<td style=\"width: 44.6828%\" valign=\"top\"><strong>bilet rodzinny <\/strong>do 4 os\u00f3b<\/td>\n<td style=\"width: 29.1881%\" valign=\"top\">30,00 PLN<\/td>\n<td style=\"width: 25.8729%\" valign=\"top\">25,00 PLN<\/td>\n<\/tr>\n<tr>\n<td style=\"width: 44.6828%\" valign=\"top\"><strong>bilet eventowy &#8211; rodzinny&nbsp;<\/strong>do 4 os\u00f3b<\/td>\n<td style=\"width: 29.1881%\" valign=\"top\">50,00 PLN<\/td>\n<td style=\"width: 25.8729%\" valign=\"top\">40,00 PLN<\/td>\n<\/tr>\n<tr>\n<td style=\"width: 44.6828%\" valign=\"top\"><strong>zwiedzanie z oprowadzeniem<\/strong><\/p>\n<p>dla grupy do 30 os\u00f3b<\/td>\n<td style=\"width: 29.1881%\" valign=\"top\">&nbsp;<\/p>\n<p>300,00 PLN<\/td>\n<td style=\"width: 25.8729%\" valign=\"top\">&nbsp;<\/p>\n<p>200,00 PLN<\/td>\n<\/tr>\n<\/tbody>\n<\/table>\n<p><strong><span style=\"font-size: 12pt\">Wynajmy i us\u0142ugi:<\/span><\/strong><\/p>\n<table style=\"width: 93.9768%\" border=\"0\" cellspacing=\"0\" cellpadding=\"10\">\n<tbody>\n<tr>\n<td style=\"width: 46.5973%\" valign=\"top\"><strong>Rodzaj<br \/>\n<\/strong><\/td>\n<td style=\"width: 25.8667%\" valign=\"top\"><strong>Bez karty mieszka\u0144ca<\/strong><\/td>\n<td style=\"width: 28.2022%\" valign=\"top\"><strong><b>Z kart\u0105 mieszka\u0144ca<\/b><\/strong><\/td>\n<\/tr>\n<tr>\n<td style=\"width: 46.5973%\" valign=\"top\"><strong>zwiedzanie dla grup zorganizowanych<br \/>\n<\/strong>do 50 os\u00f3b z pe\u0142n\u0105 obs\u0142ug\u0105 rekonstruktor\u00f3w<br \/>\n(nale\u017cy dodatkowo wykupi\u0107 bilety wst\u0119pu)<\/td>\n<td style=\"width: 25.8667%\" valign=\"top\">&nbsp;600,00 PLN<\/td>\n<td style=\"width: 28.2022%\" valign=\"top\">500,00 PLN<\/td>\n<\/tr>\n<tr>\n<td style=\"width: 46.5973%\" valign=\"top\"><strong>zwiedzanie z przewodnikiem<br \/>\n<\/strong>(nale\u017cy dodatkowo wykupi\u0107 bilety wst\u0119pu)<\/td>\n<td style=\"width: 25.8667%\" valign=\"top\">&nbsp;100,00 PLN<\/td>\n<td style=\"width: 28.2022%\" valign=\"top\">70,00 PLN<\/td>\n<\/tr>\n<tr>\n<td style=\"width: 46.5973%\" valign=\"top\"><strong>zwiedzanie z przewodnikiem w j. obcym<br \/>\n<\/strong>(nale\u017cy dodatkowo wykupi\u0107 bilety wst\u0119pu)<\/td>\n<td style=\"width: 25.8667%\" valign=\"top\">ustalenie ceny wg. j\u0119zyka<\/td>\n<td style=\"width: 28.2022%\" valign=\"top\">ustalenie ceny wg. j\u0119zyka<\/td>\n<\/tr>\n<tr>\n<td style=\"width: 46.5973%\" valign=\"top\"><strong>op\u0142ata edukacyjna oraz dla zorganizowanych grup przedszkolnych<br \/>\n<\/strong>(nale\u017cy dodatkowo wykupi\u0107 bilety wst\u0119pu)<\/td>\n<td style=\"width: 25.8667%\" valign=\"top\">&nbsp;100,00 PLN<\/td>\n<td style=\"width: 28.2022%\" valign=\"top\">100,00 PLN<\/td>\n<\/tr>\n<tr>\n<td style=\"width: 46.5973%\" valign=\"top\"><strong>organizacja ogniska<br \/>\n<\/strong><\/td>\n<td style=\"width: 25.8667%\" valign=\"top\">123,00 PLN<\/td>\n<td style=\"width: 28.2022%\" valign=\"top\">123,00 PLN<\/td>\n<\/tr>\n<tr>\n<td style=\"width: 46.5973%\" valign=\"top\"><strong>urodziny dla dzieci<\/strong><\/td>\n<td style=\"width: 25.8667%\" valign=\"top\">&nbsp;400,00 PLN<\/td>\n<td style=\"width: 28.2022%\" valign=\"top\">300,00 PLN<\/td>\n<\/tr>\n<tr>\n<td style=\"width: 46.5973%\" valign=\"top\">&nbsp;<\/td>\n<td style=\"width: 25.8667%\" valign=\"top\">&nbsp;<\/td>\n<td style=\"width: 28.2022%\" valign=\"top\">&nbsp;<\/td>\n<\/tr>\n<\/tbody>\n<\/table>\n<hr>\n<p><strong><em>Podane powy\u017cej ceny s\u0105 cenami brutto, zawieraj\u0105 nale\u017cny podatek VAT.<\/em><\/strong><\/p>\n<p><strong><em>P\u0141ATNO\u015a\u0106 GOT\u00d3WK\u0104 LUB KART\u0104 P\u0141ATNICZ\u0104<br \/>\nGRUPY ZORGANIZOWANE &#8211; GOT\u00d3WKA LUB FAKTURA VAT PRZELEWOWA<\/em><\/strong><\/p>\n<p><strong><em>Aby unikn\u0105\u0107 rozczarowania, zalecamy dokonywanie rezerwacji wi\u0119kszych grup i lekcji z dwutygodniowym wyprzedzeniem.<\/em><\/strong><\/p>\n<hr>\n<p><strong><span style=\"font-size: 12pt\">Wynajem obiektu na cele komercyjne (eventy firmowe, targi, pokazy komercyjne):<\/span><\/strong><\/p>\n<table style=\"width: 100%\" border=\"0\" cellspacing=\"0\" cellpadding=\"10\">\n<tbody>\n<tr>\n<td style=\"width: 45.9717%\" valign=\"top\"><strong>&#8211; do 2 godzin<\/strong><\/p>\n<p><strong>&#8211; do 4 godzin<\/strong><\/p>\n<p><strong>&#8211; do 6 godzin<\/strong><\/p>\n<p><strong>&#8211; do 8 godzin<\/strong><\/p>\n<p><strong>&#8211; powy\u017cej 8 godzin<\/strong><\/td>\n<td style=\"width: 48.0283%\" valign=\"top\">1500,00&nbsp;PLN<\/p>\n<p>2500,00 PLN<\/p>\n<p>3500,00 PLN<\/p>\n<p>6000,00 PLN<\/p>\n<p>do negocjacji<\/td>\n<\/tr>\n<\/tbody>\n<\/table>\n<p style=\"text-align: left\"><strong><em>Podane powy\u017cej ceny s\u0105 cenami netto, nale\u017cy doliczy\u0107 stosowny podatek VAT 23%.<\/em><\/strong><\/p>\n<p><strong><span style=\"font-size: 12pt\">Wynajem chaty na cele niekomercyjne (konferencje, obrady, zebrania):<\/span><\/strong><\/p>\n<table style=\"width: 78.8329%\" border=\"0\" cellspacing=\"0\" cellpadding=\"10\">\n<tbody>\n<tr>\n<td style=\"width: 46.8373%\" valign=\"top\"><strong>&#8211; do 4 godzin<\/strong><strong>&#8211; powy\u017cej 4 godzin<\/strong><\/td>\n<td style=\"width: 52.7108%\" valign=\"top\">700,00 PLN do negocjacji<\/td>\n<\/tr>\n<\/tbody>\n<\/table>\n<p><strong><em>Podane powy\u017cej ceny s\u0105 cenami netto, nale\u017cy doliczy\u0107 stosowny podatek VAT 23%.<\/em><\/strong><\/p>\n<p style=\"text-align: center\"><span style=\"font-size: 14pt\"><strong>KASA \/ REZERWACJE &#8211; <span class=\"skype_c2c_print_container notranslate\">601 830 590<\/span><span id=\"skype_c2c_container\" class=\"skype_c2c_container notranslate\" dir=\"ltr\"><span class=\"skype_c2c_highlighting_inactive_common\" dir=\"ltr\"><span id=\"non_free_num_ui\" class=\"skype_c2c_textarea_span\"><span class=\"skype_c2c_print_container notranslate\">&nbsp;<\/span><\/span><\/span><\/span><\/strong><\/span><\/p>\n<p><a href=\"http:\/\/faktoria-pruszcz.pl\/wp-content\/uploads\/2017\/12\/DSC_3762.jpg\" data-rel=\"lightbox-image-0\" data-rl_title=\"\" data-rl_caption=\"\" title=\"\"><img loading=\"lazy\" decoding=\"async\" class=\"size-large wp-image-333 aligncenter\" src=\"http:\/\/faktoria-pruszcz.pl\/wp-content\/uploads\/2017\/12\/DSC_3762-1024x726.jpg\" alt=\"Faktoria Pruszcz Gda\u0144ski\" width=\"540\" height=\"383\" srcset=\"https:\/\/faktoria-pruszcz.pl\/wp-content\/uploads\/2017\/12\/DSC_3762-1024x726.jpg 1024w, https:\/\/faktoria-pruszcz.pl\/wp-content\/uploads\/2017\/12\/DSC_3762-300x213.jpg 300w, https:\/\/faktoria-pruszcz.pl\/wp-content\/uploads\/2017\/12\/DSC_3762-768x544.jpg 768w\" sizes=\"auto, (max-width: 540px) 100vw, 540px\" \/><\/a><\/p>\n<p><span style=\"font-size: 12pt\"><strong>Bilet ulgowy przys\u0142uguje:<\/strong><\/span><\/p>\n<ul>\n<li>uczniom szk\u00f3\u0142 podstawowych, gimnazjalnych, ponadgimnazjalnych, artystycznych, s\u0142uchaczom zak\u0142ad\u00f3w kszta\u0142cenia nauczycieli i kolegi\u00f3w pracownik\u00f3w s\u0142u\u017cb spo\u0142ecznych, studentom oraz osobom odbywaj\u0105cym studia doktoranckie;<\/li>\n<li>osobom powy\u017cej 65. roku \u017cycia, emerytom, rencistom, rencistom socjalnym, a tak\u017ce osobom niepe\u0142nosprawnym wraz z opiekunami;<\/li>\n<li>nauczycielom szk\u00f3\u0142 podstawowych, gimnazjalnych, ponadgimnazjalnych, artystycznych, nauczycielom plac\u00f3wek o\u015bwiatowo-wychowawczych oraz wychowawcom plac\u00f3wek opieku\u0144czo-wychowawczych, zak\u0142ad\u00f3w poprawczych, schronisk dla nieletnich i o\u015brodk\u00f3w diagnostyczno-konsultacyjnych;<\/li>\n<li>osobom fizycznym odznaczonym odznak\u0105 &#8222;Za opiek\u0119 nad zabytkami&#8221;, odznak\u0105 honorow\u0105 &#8222;Zas\u0142u\u017cony dzia\u0142acz kultury&#8221;, odznak\u0105 honorow\u0105 &#8222;Zas\u0142u\u017cony dla Kultury Polskiej&#8221; lub wyr\u00f3\u017cnionym tytu\u0142em honorowym &#8222;Zas\u0142u\u017cony dla Kultury Narodowej&#8221;;<\/li>\n<li>kombatantom;<\/li>\n<li>posiadaczom Pruszcza\u0144skiej Karty Mieszka\u0144ca.<\/li>\n<\/ul>\n<p><span style=\"font-size: 12pt\"><strong>Zwolnienie z op\u0142aty przys\u0142uguje:<\/strong><\/span><\/p>\n<ul>\n<li>osobom fizycznym odznaczonym Orderem Or\u0142a Bia\u0142ego, Orderem Wojennym Virtuti Militari, Orderem Zas\u0142ugi Rzeczypospolitej Polskiej, Medalem &#8222;Zas\u0142u\u017cony Kulturze Gloria Artis&#8221;;<\/li>\n<li>pracownikom muze\u00f3w wpisanych do Pa\u0144stwowego Rejestru Muze\u00f3w;<\/li>\n<li>cz\u0142onkom Mi\u0119dzynarodowej Rady Muze\u00f3w (ICOM) lub Mi\u0119dzynarodowej Rady Ochrony Zabytk\u00f3w (ICOMOS);<\/li>\n<li>posiadaczom Karty Polaka, o kt\u00f3rych mowa w ustawie z dnia 7 wrze\u015bnia 2007 r. o Karcie Polaka (Dz. U. Nr 180, poz. 1280 oraz z 2008 r. Nr 52, poz. 305);<\/li>\n<li>dzieciom do lat 6;<\/li>\n<li>opiekunom grup (1 opiekun w grupie do 10 os\u00f3b).<\/li>\n<\/ul>\n","protected":false},"excerpt":{"rendered":"<p>Bilety indywidualne: Rodzaj bilet normalny bilet ulgowy bilet okoliczno\u015bciowy bilet eventowy &#8211; indywidualny Bez karty mieszka\u0144ca 15,00 PLN 9,00 PLN 5,00 PLN 20,00 PLN Z kart\u0105 mieszka\u0144ca 9,00 PLN&nbsp; 6,00 PLN 3,00 PLN 15,00 PLN Bilety <a class=\"more-link\" href=\"https:\/\/faktoria-pruszcz.pl\/?page_id=421?p=m\">Czytaj dalej&#8230;<\/a><\/p>\n","protected":false},"author":1,"featured_media":323,"parent":0,"menu_order":0,"comment_status":"closed","ping_status":"closed","template":"","meta":{"ngg_post_thumbnail":0,"footnotes":""},"class_list":["post-421","page","type-page","status-publish","has-post-thumbnail","hentry"],"_links":{"self":[{"href":"https:\/\/faktoria-pruszcz.pl\/index.php?rest_route=\/wp\/v2\/pages\/421","targetHints":{"allow":["GET"]}}],"collection":[{"href":"https:\/\/faktoria-pruszcz.pl\/index.php?rest_route=\/wp\/v2\/pages"}],"about":[{"href":"https:\/\/faktoria-pruszcz.pl\/index.php?rest_route=\/wp\/v2\/types\/page"}],"author":[{"embeddable":true,"href":"https:\/\/faktoria-pruszcz.pl\/index.php?rest_route=\/wp\/v2\/users\/1"}],"replies":[{"embeddable":true,"href":"https:\/\/faktoria-pruszcz.pl\/index.php?rest_route=%2Fwp%2Fv2%2Fcomments&post=421"}],"version-history":[{"count":35,"href":"https:\/\/faktoria-pruszcz.pl\/index.php?rest_route=\/wp\/v2\/pages\/421\/revisions"}],"predecessor-version":[{"id":13483,"href":"https:\/\/faktoria-pruszcz.pl\/index.php?rest_route=\/wp\/v2\/pages\/421\/revisions\/13483"}],"wp:featuredmedia":[{"embeddable":true,"href":"https:\/\/faktoria-pruszcz.pl\/index.php?rest_route=\/wp\/v2\/media\/323"}],"wp:attachment":[{"href":"https:\/\/faktoria-pruszcz.pl\/index.php?rest_route=%2Fwp%2Fv2%2Fmedia&parent=421"}],"curies":[{"name":"wp","href":"https:\/\/api.w.org\/{rel}","templated":true}]}}