{"id":435,"date":"2017-12-08T10:56:02","date_gmt":"2017-12-08T09:56:02","guid":{"rendered":"http:\/\/faktoria-pruszcz.pl\/?page_id=435"},"modified":"2017-12-08T10:56:02","modified_gmt":"2017-12-08T09:56:02","slug":"preise","status":"publish","type":"page","link":"https:\/\/faktoria-pruszcz.pl\/?page_id=435&lang=de","title":{"rendered":"Preise"},"content":{"rendered":"<table width=\"345\">\n<tbody>\n<tr>\n<td><strong>normales Ticket<br \/>\n<\/strong><\/td>\n<td valign=\"middle\">9\u00a0PLN<\/td>\n<\/tr>\n<tr>\n<td align=\"center\" valign=\"middle\">\n<div style=\"text-align: left;\"><strong>Halbpreis-Ticket<br \/>\n<\/strong><\/div>\n<\/td>\n<td>6\u00a0PLN<\/td>\n<\/tr>\n<tr>\n<td valign=\"middle\"><strong>Gedenk-Ticket<\/strong><\/td>\n<td>1 PLN<\/td>\n<\/tr>\n<tr>\n<td valign=\"middle\"><strong>Familienkarte<\/strong><br \/>\n<span id=\"result_box\" class=\"short_text\" lang=\"de\"><span class=\"hps\">f\u00fcr vier Personen<\/span><\/span><\/td>\n<td>20 PLN<\/td>\n<\/tr>\n<tr>\n<td valign=\"middle\"><strong>Gruppe<\/strong><br \/>\n<span id=\"result_box\" class=\"short_text\" lang=\"de\"><span class=\"hps\">f\u00fcr 30 Personen<\/span> <span class=\"hps\">mit<\/span> <span class=\"hps\">Touren in<\/span><\/span><\/td>\n<td>180 PLN<\/td>\n<\/tr>\n<tr>\n<td valign=\"middle\"><strong><span id=\"result_box\" class=\"short_text\" lang=\"de\"><span class=\"hps\">F\u00fchrungen<\/span><\/span><\/strong><br \/>\n(<span id=\"result_box\" class=\"short_text\" lang=\"de\"><span class=\"hps\">Tickets<\/span> <span class=\"hps\">erworben werden muss<\/span><\/span>)<\/td>\n<td>50 PLN<\/td>\n<\/tr>\n<tr>\n<td valign=\"middle\"><strong><span id=\"result_box\" class=\"short_text\" lang=\"de\"><span class=\"hps\">Tour mit<\/span> <span class=\"hps\">Unterst\u00fctzung<\/span><\/span><\/strong><br \/>\n<span id=\"result_box\" class=\"short_text\" lang=\"de\"><span class=\"hps alt-edited\">organisierten Gruppen<\/span><\/span> bis zu 50 Personen<br \/>\n(<span id=\"result_box\" class=\"short_text\" lang=\"de\"><span class=\"hps\">Tickets<\/span> <span class=\"hps\">erworben werden muss<\/span><\/span>)<\/td>\n<td>500 PLN<\/td>\n<\/tr>\n<tr>\n<td valign=\"middle\"><strong><span id=\"result_box\" class=\"short_text\" lang=\"de\"><span class=\"hps\">Die Kajakverleih<\/span><\/span><\/strong><\/p>\n<p>&#8211; <span id=\"result_box\" class=\"short_text\" lang=\"de\"><span class=\"hps alt-edited\">1 Stunde<br \/>\n&#8211; offnyngzeiten Faktoria<\/span><\/span><\/td>\n<td>&nbsp;<\/p>\n<p>9 PLN<br \/>\n35 PLN<\/td>\n<\/tr>\n<tr>\n<td valign=\"middle\"><strong><span id=\"result_box\" class=\"short_text\" lang=\"de\"><span class=\"hps\">Vermietung von<\/span> <span class=\"hps\">Konferenz<\/span><\/span><\/strong><\/td>\n<td align=\"center\" valign=\"middle\"><\/td>\n<\/tr>\n<tr>\n<td valign=\"middle\">2h<\/td>\n<td valign=\"middle\">615 PLN<\/td>\n<\/tr>\n<tr>\n<td valign=\"middle\">4h<\/td>\n<td valign=\"middle\">1230 PLN<\/td>\n<\/tr>\n<tr>\n<td valign=\"middle\">6h<\/td>\n<td valign=\"middle\">2460 PLN<\/td>\n<\/tr>\n<tr>\n<td valign=\"middle\">8h<\/td>\n<td valign=\"middle\">3690 PLN<\/td>\n<\/tr>\n<tr>\n<td valign=\"middle\">mehr als 8h<\/td>\n<td valign=\"middle\"><span id=\"result_box\" class=\"short_text\" lang=\"de\"><span class=\"hps\">zu verhandeln<\/span><\/span><\/td>\n<\/tr>\n<\/tbody>\n<\/table>\n<hr \/>\n<p><em><span id=\"result_box\" class=\"short_text\" lang=\"de\"><span class=\"hps\">Preise inkl.<\/span> <span class=\"hps\">MwSt.<\/span><\/span><\/em><\/p>\n","protected":false},"excerpt":{"rendered":"<p>normales Ticket 9\u00a0PLN Halbpreis-Ticket 6\u00a0PLN Gedenk-Ticket 1 PLN Familienkarte f\u00fcr vier Personen 20 PLN Gruppe f\u00fcr 30 Personen mit Touren in 180 PLN F\u00fchrungen (Tickets erworben werden muss) 50 PLN Tour mit Unterst\u00fctzung organisierten Gruppen bis <a class=\"more-link\" href=\"https:\/\/faktoria-pruszcz.pl\/?page_id=435&#038;lang=de?p=m\">Czytaj dalej&#8230;<\/a><\/p>\n","protected":false},"author":1,"featured_media":323,"parent":0,"menu_order":0,"comment_status":"closed","ping_status":"closed","template":"","meta":{"ngg_post_thumbnail":0,"footnotes":""},"class_list":["post-435","page","type-page","status-publish","has-post-thumbnail","hentry"],"_links":{"self":[{"href":"https:\/\/faktoria-pruszcz.pl\/index.php?rest_route=\/wp\/v2\/pages\/435","targetHints":{"allow":["GET"]}}],"collection":[{"href":"https:\/\/faktoria-pruszcz.pl\/index.php?rest_route=\/wp\/v2\/pages"}],"about":[{"href":"https:\/\/faktoria-pruszcz.pl\/index.php?rest_route=\/wp\/v2\/types\/page"}],"author":[{"embeddable":true,"href":"https:\/\/faktoria-pruszcz.pl\/index.php?rest_route=\/wp\/v2\/users\/1"}],"replies":[{"embeddable":true,"href":"https:\/\/faktoria-pruszcz.pl\/index.php?rest_route=%2Fwp%2Fv2%2Fcomments&post=435"}],"version-history":[{"count":1,"href":"https:\/\/faktoria-pruszcz.pl\/index.php?rest_route=\/wp\/v2\/pages\/435\/revisions"}],"predecessor-version":[{"id":436,"href":"https:\/\/faktoria-pruszcz.pl\/index.php?rest_route=\/wp\/v2\/pages\/435\/revisions\/436"}],"wp:featuredmedia":[{"embeddable":true,"href":"https:\/\/faktoria-pruszcz.pl\/index.php?rest_route=\/wp\/v2\/media\/323"}],"wp:attachment":[{"href":"https:\/\/faktoria-pruszcz.pl\/index.php?rest_route=%2Fwp%2Fv2%2Fmedia&parent=435"}],"curies":[{"name":"wp","href":"https:\/\/api.w.org\/{rel}","templated":true}]}}