{"id":437,"date":"2017-12-08T10:59:49","date_gmt":"2017-12-08T09:59:49","guid":{"rendered":"http:\/\/faktoria-pruszcz.pl\/?page_id=437"},"modified":"2026-03-30T16:00:14","modified_gmt":"2026-03-30T14:00:14","slug":"godziny-otwarcia","status":"publish","type":"page","link":"https:\/\/faktoria-pruszcz.pl\/?page_id=437","title":{"rendered":"Godziny otwarcia"},"content":{"rendered":"<p><span style=\"font-size: 12pt\"><strong>Faktoria Handlowa czynna<\/strong><strong> jest<\/strong><\/span><strong><span style=\"font-size: 12pt\">:<\/span><\/strong><\/p>\n<p><strong>MARZEC &#8211; KWIECIE\u0143<\/strong><br \/>\n(od 20 marca do 30 kwietnia)<\/p>\n<p style=\"padding-left: 30px\"><strong>Tylko weekendy, w godzinach 10:00 &#8211; 18:00<br \/>\n<\/strong><em>Dla indywidualnych zwiedzaj\u0105cych.<\/em><\/p>\n<p><strong>MAJ &#8211; PA\u0179DZIERNIK<\/strong><br \/>\n(od 01 maja do 10 pa\u017adziernika)<\/p>\n<p style=\"padding-left: 30px\"><strong>Od wtorku do niedzieli, w godzinach 10:00 &#8211; 18:00<\/strong><\/p>\n<p><strong>PA\u0179DZIERNIK &#8211; MARZEC<\/strong><br \/>\n(od 11 pa\u017adziernika 2026 do 19 marca 2027)<\/p>\n<p style=\"padding-left: 30px\"><strong>Faktoria Handlowa jest zamkni\u0119ta<\/strong><\/p>\n<p>W okresie od 11.10.2026 &#8211; 19.03.2027 mo\u017cliwo\u015b\u0107 zwiedzania <strong>wystawy sta\u0142ej&nbsp;<\/strong>po zakupie biletu wst\u0119pu do Lumina Park Pruszcz Gda\u0144ski, w godzinach jego otwarcia.<\/p>\n<p>&nbsp;<\/p>\n<p style=\"text-align: center\"><span style=\"font-size: 14pt\"><strong>KASA \/ REZERWACJE &#8211; <span class=\"skype_c2c_print_container notranslate\">601 830 590<\/span><span id=\"skype_c2c_container\" class=\"skype_c2c_container notranslate\" dir=\"ltr\"><span class=\"skype_c2c_highlighting_inactive_common\" dir=\"ltr\"><span id=\"non_free_num_ui\" class=\"skype_c2c_textarea_span\"><span class=\"skype_c2c_text_span\">&nbsp;<\/span><\/span><\/span><\/span><\/strong><\/span><\/p>\n<p><a href=\"http:\/\/faktoria-pruszcz.pl\/wp-content\/uploads\/2017\/12\/DSC05642.jpg\" data-rel=\"lightbox-image-0\" data-rl_title=\"\" data-rl_caption=\"\" title=\"\"><img loading=\"lazy\" decoding=\"async\" class=\"size-large wp-image-348 aligncenter\" src=\"http:\/\/faktoria-pruszcz.pl\/wp-content\/uploads\/2017\/12\/DSC05642-1024x768.jpg\" alt=\"Faktoria Pruszcz Gda\u0144ski\" width=\"540\" height=\"405\" srcset=\"https:\/\/faktoria-pruszcz.pl\/wp-content\/uploads\/2017\/12\/DSC05642-1024x768.jpg 1024w, https:\/\/faktoria-pruszcz.pl\/wp-content\/uploads\/2017\/12\/DSC05642-300x225.jpg 300w, https:\/\/faktoria-pruszcz.pl\/wp-content\/uploads\/2017\/12\/DSC05642-768x576.jpg 768w\" sizes=\"auto, (max-width: 540px) 100vw, 540px\" \/><\/a><\/p>\n<p><strong>Rekonstrukcja osady handlowej z okresu wp\u0142yw\u00f3w rzymskich otwarta jest dla zwiedzaj\u0105cych:<\/strong><\/p>\n<ul>\n<li>1 maja<\/li>\n<li>3 maja<\/li>\n<li>15 sierpnia<\/li>\n<\/ul>\n<p>* je\u015bli, kt\u00f3re\u015b z wy\u017cej wymienionych dni wypada w poniedzia\u0142ek Faktoria Handlowa jest nieczynna zgodnie z \u00a71 regulaminu zwiedzania.<\/p>\n<p><strong>Rekonstrukcja osady handlowej z okresu wp\u0142yw\u00f3w rzymskich zamkni\u0119ta jest dla zwiedzaj\u0105cych:<\/strong><\/p>\n<ul>\n<li>6 stycznia<\/li>\n<li>Wielk\u0105 Sobot\u0119<\/li>\n<li>Niedziel\u0119 Wielkanocn\u0105<\/li>\n<li>drugi dzie\u0144 \u015bw. Wielkanocnych<\/li>\n<li>Bo\u017ce Cia\u0142o<\/li>\n<li>1 listopada<\/li>\n<li>11 listopada<\/li>\n<li>24, 25, 26, 31 grudnia<\/li>\n<li>Nowy Rok<\/li>\n<\/ul>\n","protected":false},"excerpt":{"rendered":"<p>Faktoria Handlowa czynna jest: MARZEC &#8211; KWIECIE\u0143 (od 20 marca do 30 kwietnia) Tylko weekendy, w godzinach 10:00 &#8211; 18:00 Dla indywidualnych zwiedzaj\u0105cych. MAJ &#8211; PA\u0179DZIERNIK (od 01 maja do 10 pa\u017adziernika) Od wtorku do niedzieli, <a class=\"more-link\" href=\"https:\/\/faktoria-pruszcz.pl\/?page_id=437?p=m\">Czytaj dalej&#8230;<\/a><\/p>\n","protected":false},"author":1,"featured_media":353,"parent":0,"menu_order":0,"comment_status":"closed","ping_status":"closed","template":"","meta":{"ngg_post_thumbnail":0,"footnotes":""},"class_list":["post-437","page","type-page","status-publish","has-post-thumbnail","hentry"],"_links":{"self":[{"href":"https:\/\/faktoria-pruszcz.pl\/index.php?rest_route=\/wp\/v2\/pages\/437","targetHints":{"allow":["GET"]}}],"collection":[{"href":"https:\/\/faktoria-pruszcz.pl\/index.php?rest_route=\/wp\/v2\/pages"}],"about":[{"href":"https:\/\/faktoria-pruszcz.pl\/index.php?rest_route=\/wp\/v2\/types\/page"}],"author":[{"embeddable":true,"href":"https:\/\/faktoria-pruszcz.pl\/index.php?rest_route=\/wp\/v2\/users\/1"}],"replies":[{"embeddable":true,"href":"https:\/\/faktoria-pruszcz.pl\/index.php?rest_route=%2Fwp%2Fv2%2Fcomments&post=437"}],"version-history":[{"count":22,"href":"https:\/\/faktoria-pruszcz.pl\/index.php?rest_route=\/wp\/v2\/pages\/437\/revisions"}],"predecessor-version":[{"id":14065,"href":"https:\/\/faktoria-pruszcz.pl\/index.php?rest_route=\/wp\/v2\/pages\/437\/revisions\/14065"}],"wp:featuredmedia":[{"embeddable":true,"href":"https:\/\/faktoria-pruszcz.pl\/index.php?rest_route=\/wp\/v2\/media\/353"}],"wp:attachment":[{"href":"https:\/\/faktoria-pruszcz.pl\/index.php?rest_route=%2Fwp%2Fv2%2Fmedia&parent=437"}],"curies":[{"name":"wp","href":"https:\/\/api.w.org\/{rel}","templated":true}]}}