{"id":447,"date":"2017-12-08T11:12:16","date_gmt":"2017-12-08T10:12:16","guid":{"rendered":"http:\/\/faktoria-pruszcz.pl\/?page_id=447"},"modified":"2023-02-20T10:49:52","modified_gmt":"2023-02-20T09:49:52","slug":"oferta-dla-grup","status":"publish","type":"page","link":"https:\/\/faktoria-pruszcz.pl\/?page_id=447","title":{"rendered":"Zwiedzanie dla grup"},"content":{"rendered":"<p>Faktoria Handlowa ma w swojej ofercie zwiedzanie grupowe:<\/p>\n<table style=\"width: 100%;\" border=\"0\" cellspacing=\"0\" cellpadding=\"10\">\n<tbody>\n<tr>\n<td style=\"width: 1233.6px;\" valign=\"middle\"><strong>bilet grupowy<\/strong><br \/>\ndla grupy do 30 os\u00f3b z oprowadzeniem<\/td>\n<td style=\"width: 253.4px;\">300 PLN<\/td>\n<\/tr>\n<tr>\n<td style=\"width: 1233.6px;\" valign=\"middle\"><strong>zwiedzanie z pe\u0142n\u0105 rekonstrukcj\u0105<\/strong><br \/>\ndla grup zorganizowanych do 50 os\u00f3b<br \/>\n(do 5h, w tym m.in. \u0142ucznictwo, gry plebejskie, garncarstwo, ognisko-prowiant we w\u0142asnym zakresie itp., nale\u017cy dodatkowo wykupi\u0107 bilety wst\u0119pu)<\/td>\n<td style=\"width: 253.4px;\">600 PLN<\/td>\n<\/tr>\n<tr>\n<td style=\"width: 1233.6px;\" valign=\"middle\"><strong>Zwiedzanie z przewodnikiem<\/strong><br \/>\nnale\u017cy dodatkowo wykupi\u0107 bilety wst\u0119pu<\/td>\n<td style=\"width: 253.4px;\">100 PLN<\/td>\n<\/tr>\n<\/tbody>\n<\/table>\n<p><a href=\"http:\/\/faktoria-pruszcz.pl\/wp-content\/uploads\/2017\/12\/DSC_1320.jpg\" data-rel=\"lightbox-image-0\" data-rl_title=\"\" data-rl_caption=\"\" title=\"\"><img loading=\"lazy\" decoding=\"async\" class=\"size-large wp-image-325 aligncenter\" src=\"http:\/\/faktoria-pruszcz.pl\/wp-content\/uploads\/2017\/12\/DSC_1320-1024x683.jpg\" alt=\"\" width=\"540\" height=\"360\" srcset=\"https:\/\/faktoria-pruszcz.pl\/wp-content\/uploads\/2017\/12\/DSC_1320-1024x683.jpg 1024w, https:\/\/faktoria-pruszcz.pl\/wp-content\/uploads\/2017\/12\/DSC_1320-300x200.jpg 300w, https:\/\/faktoria-pruszcz.pl\/wp-content\/uploads\/2017\/12\/DSC_1320-768x512.jpg 768w\" sizes=\"auto, (max-width: 540px) 100vw, 540px\" \/><\/a><\/p>\n<p>Uprzejmie prosimy o rezerwacje zwiedzania z przewodnikiem z tygodniowym wyprzedzeniem.<\/p>\n<p><span style=\"font-size: 12pt;\"><strong>KASA \/ REZERWACJE &#8211; 601 830 590<\/strong><\/span><\/p>\n","protected":false},"excerpt":{"rendered":"<p>Faktoria Handlowa ma w swojej ofercie zwiedzanie grupowe: bilet grupowy dla grupy do 30 os\u00f3b z oprowadzeniem 300 PLN zwiedzanie z pe\u0142n\u0105 rekonstrukcj\u0105 dla grup zorganizowanych do 50 os\u00f3b (do 5h, w tym m.in. \u0142ucznictwo, gry <a class=\"more-link\" href=\"https:\/\/faktoria-pruszcz.pl\/?page_id=447?p=m\">Czytaj dalej&#8230;<\/a><\/p>\n","protected":false},"author":1,"featured_media":0,"parent":0,"menu_order":0,"comment_status":"closed","ping_status":"closed","template":"","meta":{"ngg_post_thumbnail":0,"footnotes":""},"class_list":["post-447","page","type-page","status-publish","hentry"],"_links":{"self":[{"href":"https:\/\/faktoria-pruszcz.pl\/index.php?rest_route=\/wp\/v2\/pages\/447","targetHints":{"allow":["GET"]}}],"collection":[{"href":"https:\/\/faktoria-pruszcz.pl\/index.php?rest_route=\/wp\/v2\/pages"}],"about":[{"href":"https:\/\/faktoria-pruszcz.pl\/index.php?rest_route=\/wp\/v2\/types\/page"}],"author":[{"embeddable":true,"href":"https:\/\/faktoria-pruszcz.pl\/index.php?rest_route=\/wp\/v2\/users\/1"}],"replies":[{"embeddable":true,"href":"https:\/\/faktoria-pruszcz.pl\/index.php?rest_route=%2Fwp%2Fv2%2Fcomments&post=447"}],"version-history":[{"count":12,"href":"https:\/\/faktoria-pruszcz.pl\/index.php?rest_route=\/wp\/v2\/pages\/447\/revisions"}],"predecessor-version":[{"id":7433,"href":"https:\/\/faktoria-pruszcz.pl\/index.php?rest_route=\/wp\/v2\/pages\/447\/revisions\/7433"}],"wp:attachment":[{"href":"https:\/\/faktoria-pruszcz.pl\/index.php?rest_route=%2Fwp%2Fv2%2Fmedia&parent=447"}],"curies":[{"name":"wp","href":"https:\/\/api.w.org\/{rel}","templated":true}]}}