{"id":487,"date":"2017-12-08T11:37:51","date_gmt":"2017-12-08T10:37:51","guid":{"rendered":"http:\/\/faktoria-pruszcz.pl\/?page_id=487"},"modified":"2017-12-08T11:37:51","modified_gmt":"2017-12-08T10:37:51","slug":"atrakcje","status":"publish","type":"page","link":"https:\/\/faktoria-pruszcz.pl\/?page_id=487","title":{"rendered":"Atrakcje"},"content":{"rendered":"<p><strong><span style=\"font-size: 12pt;\">Amfiteatr<\/span><\/strong><\/p>\n<p>Amfiteatr w Mi\u0119dzynarodowym Ba\u0142tyckim Parku Kulturowym Faktoria, to miejsce spotka\u0144 z muzyk\u0105, teatrem oraz teatrzykami dla dzieci. Faktoria Kultury to cykl imprez coweekendowych w okresie letnim. Trzeci sezon na Faktorii Kultury zyska\u0142 status jednej z wa\u017cniejszych imprez kulturalnych w Tr\u00f3jmie\u015bcie. Przez 11 tygodni, amfiteatr go\u015bci\u0142 artyst\u00f3w, kt\u00f3rych- wed\u0142ug opinii dziennikarzy- nie powstydzi\u0142yby si\u0119 najwi\u0119ksze miasta w kraju.<\/p>\n<p>Regularnie grane przedstawienia i koncerty maj\u0105 na celu promowanie sztuki, dostarczanie widzom rozrywki oraz zaprezentowanie mieszka\u0144com miasta i okolic najnowszych trend\u00f3w w muzyce i teatrze. Trafny dob\u00f3r artyst\u00f3w, pomys\u0142owy repertuar i sprawna organizacja sta\u0142y si\u0119 wizyt\u00f3wk\u0105 rzetelnej i unikatowej imprezy, kt\u00f3ra zyskuje coraz wi\u0119ksz\u0105 sympati\u0119 widz\u00f3w i grono sta\u0142ych fan\u00f3w. Faktoria Kultury jest sta\u0142ym punktem na mapie turystyki kulturalnej kraju.<\/p>\n<p>Wst\u0119p na teren amfiteatru jest bezp\u0142atny.<\/p>\n<p><a href=\"http:\/\/faktoria-pruszcz.pl\/wp-content\/uploads\/2017\/12\/DSC_7715.jpg\" data-rel=\"lightbox-image-0\" data-rl_title=\"\" data-rl_caption=\"\" title=\"\"><img loading=\"lazy\" decoding=\"async\" class=\"size-large wp-image-337 aligncenter\" src=\"http:\/\/faktoria-pruszcz.pl\/wp-content\/uploads\/2017\/12\/DSC_7715-1024x680.jpg\" alt=\"\" width=\"540\" height=\"359\" srcset=\"https:\/\/faktoria-pruszcz.pl\/wp-content\/uploads\/2017\/12\/DSC_7715-1024x680.jpg 1024w, https:\/\/faktoria-pruszcz.pl\/wp-content\/uploads\/2017\/12\/DSC_7715-300x199.jpg 300w, https:\/\/faktoria-pruszcz.pl\/wp-content\/uploads\/2017\/12\/DSC_7715-768x510.jpg 768w\" sizes=\"auto, (max-width: 540px) 100vw, 540px\" \/><\/a><\/p>\n<p><span style=\"font-size: 12pt;\"><strong>Skatepark <\/strong><\/span><\/p>\n<p>Skatepark przeznaczony do uprawiania sport\u00f3w ekstremalnych (jazda na deskorolce, BMX, czy wyczynowa jazda na rolkach). Znajduje si\u0119 tutaj wiele tor\u00f3w i przeszk\u00f3d wykonanych z betonu i przeznaczonych do nauki trik\u00f3w. Wej\u015bcie na teren skateparku jest bezp\u0142atne.<\/p>\n<p><strong>Rekreacja<\/strong><\/p>\n<p>Teren Mi\u0119dzynarodowego Parku Kulturowego Faktoria jest bardzo atrakcyjny dla dzieci i m\u0142odzie\u017cy. Jest tu wiele miejsc, kt\u00f3re zadowol\u0105 najbardziej wymagaj\u0105cych. Dla najm\u0142odszych proponujemy wydzielony plac zabaw, gdzie wyposa\u017cenie jest nowoczesne i bezpieczne. S\u0105 to karuzele i zje\u017cd\u017calnie, a wszystkie zabawy odbywaj\u0105 si\u0119 na czystym piasku. M\u0142odzie\u017c korzysta\u0107 mo\u017ce z boiska do gier w pi\u0142k\u0119, urz\u0105dze\u0144 fitness na \u015bwie\u017cym powietrzu, oraz skate parku. Dla rowerzyst\u00f3w i rolkowc\u00f3w wydzielone s\u0105 \u015bcie\u017cki, a wszystko to otoczone jest zieleni\u0105, gdzie po intensywnych grach i zabawach mo\u017cna odpocz\u0105\u0107.<\/p>\n<p><a href=\"http:\/\/faktoria-pruszcz.pl\/wp-content\/uploads\/2017\/12\/DSC_2314.jpg\" data-rel=\"lightbox-image-1\" data-rl_title=\"\" data-rl_caption=\"\" title=\"\"><img loading=\"lazy\" decoding=\"async\" class=\"size-large wp-image-328 aligncenter\" src=\"http:\/\/faktoria-pruszcz.pl\/wp-content\/uploads\/2017\/12\/DSC_2314-1024x683.jpg\" alt=\"\" width=\"540\" height=\"360\" srcset=\"https:\/\/faktoria-pruszcz.pl\/wp-content\/uploads\/2017\/12\/DSC_2314-1024x683.jpg 1024w, https:\/\/faktoria-pruszcz.pl\/wp-content\/uploads\/2017\/12\/DSC_2314-300x200.jpg 300w, https:\/\/faktoria-pruszcz.pl\/wp-content\/uploads\/2017\/12\/DSC_2314-768x512.jpg 768w\" sizes=\"auto, (max-width: 540px) 100vw, 540px\" \/><\/a><\/p>\n","protected":false},"excerpt":{"rendered":"<p>Amfiteatr Amfiteatr w Mi\u0119dzynarodowym Ba\u0142tyckim Parku Kulturowym Faktoria, to miejsce spotka\u0144 z muzyk\u0105, teatrem oraz teatrzykami dla dzieci. Faktoria Kultury to cykl imprez coweekendowych w okresie letnim. Trzeci sezon na Faktorii Kultury zyska\u0142 status jednej z <a class=\"more-link\" href=\"https:\/\/faktoria-pruszcz.pl\/?page_id=487?p=m\">Czytaj dalej&#8230;<\/a><\/p>\n","protected":false},"author":1,"featured_media":0,"parent":0,"menu_order":0,"comment_status":"closed","ping_status":"closed","template":"","meta":{"ngg_post_thumbnail":0,"footnotes":""},"class_list":["post-487","page","type-page","status-publish","hentry"],"_links":{"self":[{"href":"https:\/\/faktoria-pruszcz.pl\/index.php?rest_route=\/wp\/v2\/pages\/487","targetHints":{"allow":["GET"]}}],"collection":[{"href":"https:\/\/faktoria-pruszcz.pl\/index.php?rest_route=\/wp\/v2\/pages"}],"about":[{"href":"https:\/\/faktoria-pruszcz.pl\/index.php?rest_route=\/wp\/v2\/types\/page"}],"author":[{"embeddable":true,"href":"https:\/\/faktoria-pruszcz.pl\/index.php?rest_route=\/wp\/v2\/users\/1"}],"replies":[{"embeddable":true,"href":"https:\/\/faktoria-pruszcz.pl\/index.php?rest_route=%2Fwp%2Fv2%2Fcomments&post=487"}],"version-history":[{"count":1,"href":"https:\/\/faktoria-pruszcz.pl\/index.php?rest_route=\/wp\/v2\/pages\/487\/revisions"}],"predecessor-version":[{"id":488,"href":"https:\/\/faktoria-pruszcz.pl\/index.php?rest_route=\/wp\/v2\/pages\/487\/revisions\/488"}],"wp:attachment":[{"href":"https:\/\/faktoria-pruszcz.pl\/index.php?rest_route=%2Fwp%2Fv2%2Fmedia&parent=487"}],"curies":[{"name":"wp","href":"https:\/\/api.w.org\/{rel}","templated":true}]}}