{"id":6377,"date":"2021-03-31T15:59:58","date_gmt":"2021-03-31T13:59:58","guid":{"rendered":"https:\/\/faktoria-pruszcz.pl\/?page_id=6377"},"modified":"2023-01-09T14:22:43","modified_gmt":"2023-01-09T13:22:43","slug":"deklaracja-dostepnosci","status":"publish","type":"page","link":"https:\/\/faktoria-pruszcz.pl\/?page_id=6377","title":{"rendered":"Deklaracja dost\u0119pno\u015bci"},"content":{"rendered":"<h1 id=\"a11y-deklaracja\">Deklaracja dost\u0119pno\u015bci<\/h1>\n<p id=\"a11y-wstep\"><span id=\"a11y-podmiot\">Centrum Kultury i Sportu w Pruszczu Gda\u0144skim<\/span> zobowi\u0105zuje si\u0119 zapewni\u0107 dost\u0119pno\u015b\u0107 swojej strony internetowej zgodnie z ustaw\u0105 z dnia 4 kwietnia 2019 r. o dost\u0119pno\u015bci cyfrowej stron internetowych i aplikacji mobilnych podmiot\u00f3w publicznych. O\u015bwiadczenie w sprawie dost\u0119pno\u015bci ma zastosowanie do stron internetowych CKiS w Pruszczu Gda\u0144skim.<br \/>\nData publikacji strony internetowej: 2018.10.01<br \/>\nData ostatniej du\u017cej aktualizacji: 2022.12.14<br \/>\nStrona internetowa jest <strong id=\"a11y-status\">cz\u0119\u015bciowo zgodna<\/strong> z ustaw\u0105 o dost\u0119pno\u015bci cyfrowej stron internetowych i aplikacji mobilnych podmiot\u00f3w publicznych. Z powodu poni\u017cszych niezgodno\u015bci lub wy\u0142\u0105cze\u0144 mog\u0105 zdarzy\u0107 si\u0119 sytuacje, \u017ce pomimo stara\u0144 redaktor\u00f3w serwisu, pewne dokumenty opublikowane na stronie s\u0105 niedost\u0119pne z uwagi na fakt, \u017ce:<\/p>\n<ul>\n<li>pochodz\u0105 z r\u00f3\u017cnych \u017ar\u00f3de\u0142,<\/li>\n<li>s\u0105 bardzo obszerne, a ich wytworzenie odbywa\u0142o si\u0119 w kilku kom\u00f3rkach organizacyjnych, co uniemo\u017cliwia\u0142o wp\u0142yw na ich docelow\u0105 tre\u015b\u0107 oraz kszta\u0142t,<\/li>\n<li>opublikowane zosta\u0142y w oparciu o zasady przyj\u0119te w innej instytucji,<\/li>\n<li>posiadaj\u0105 struktur\u0119, w kt\u00f3r\u0105 nie ma mo\u017cliwo\u015bci ingerencji,<\/li>\n<li>opublikowane zosta\u0142y przed wej\u015bciem w \u017cycie ustawy o dost\u0119pno\u015bci cyfrowej.<\/li>\n<\/ul>\n<p>Brak jest gdzieniegdzie poprawnych opis\u00f3w alternatywnych fotografii lub grafik znalezionych w serwisie. Dok\u0142adamy wszelkich stara\u0144 by wszyscy redaktorzy byli przeszkoleni w zakresie prawid\u0142owego dodawania tre\u015bci.<br \/>\nNa stronie internetowej mo\u017cna korzysta\u0107 ze standardowych skr\u00f3t\u00f3w klawiaturowych.<br \/>\nO\u015bwiadczenie sporz\u0105dzono dnia 2023-01-09.<br \/>\nDeklaracj\u0119 sporz\u0105dzono na podstawie samooceny podmiotu publicznego.<\/p>\n<h2 id=\"a11y-kontakt\">Informacje zwrotne i dane kontaktowe<\/h2>\n<p>W przypadku problem\u00f3w z dost\u0119pno\u015bci\u0105 strony internetowej prosimy o kontakt z sekretariatem na adres: ckis@pruszcz-gdanski.pl. Wnioski o udost\u0119pnienie informacji niedost\u0119pnej oraz \u017c\u0105dania zapewnienia dost\u0119pno\u015bci mo\u017cna sk\u0142ada\u0107 na adres: Pruszcz Gda\u0144ski 83-000, ul. Fryderyka Chopina 34. Kontaktowa\u0107 mo\u017cna si\u0119 tak\u017ce dzwoni\u0105c na numer telefonu 58 682 32 07, 58 682 35 71.<\/p>\n<h2 id=\"a11y-procedura\">Procedura wnioskowo-skargowa<\/h2>\n<p>Ka\u017cdy ma prawo do wyst\u0105pienia z \u017c\u0105daniem zapewnienia dost\u0119pno\u015bci cyfrowej strony internetowej, aplikacji mobilnej lub jakiego\u015b ich elementu. Mo\u017cna tak\u017ce za\u017c\u0105da\u0107 udost\u0119pnienia informacji za pomoc\u0105 alternatywnego sposobu dost\u0119pu, na przyk\u0142ad przez odczytanie niedost\u0119pnego cyfrowo dokumentu, opisanie zawarto\u015bci filmu bez audiodeskrypcji itp. \u017b\u0105danie powinno zawiera\u0107 dane osoby zg\u0142aszaj\u0105cej \u017c\u0105danie, wskazanie, o kt\u00f3r\u0105 stron\u0119 internetow\u0105 chodzi oraz spos\u00f3b kontaktu. Je\u017celi osoba \u017c\u0105daj\u0105ca zg\u0142asza potrzeb\u0119 otrzymania informacji za pomoc\u0105 alternatywnego sposobu dost\u0119pu, powinna tak\u017ce okre\u015bli\u0107 dogodny dla niej spos\u00f3b przedstawienia tej informacji.<br \/>\nPodmiot publiczny powinien zrealizowa\u0107 \u017c\u0105danie niezw\u0142ocznie, nie p\u00f3\u017aniej ni\u017c w ci\u0105gu 7 dni od dnia wyst\u0105pienia z \u017c\u0105daniem. Je\u017celi dotrzymanie tego terminu nie jest mo\u017cliwe, podmiot publiczny niezw\u0142ocznie informuje o tym wnosz\u0105cego \u017c\u0105danie, kiedy realizacja \u017c\u0105dania b\u0119dzie mo\u017cliwa, przy czym termin ten nie mo\u017ce by\u0107 d\u0142u\u017cszy ni\u017c 2 miesi\u0105ce od dnia wyst\u0105pienia z \u017c\u0105daniem. Je\u017celi zapewnienie dost\u0119pno\u015bci cyfrowej nie jest mo\u017cliwe, podmiot publiczny mo\u017ce zaproponowa\u0107 alternatywny spos\u00f3b dost\u0119pu do informacji.<br \/>\nW przypadku, gdy podmiot publiczny odm\u00f3wi realizacji \u017c\u0105dania zapewnienia dost\u0119pno\u015bci lub alternatywnego sposobu dost\u0119pu do informacji, wnosz\u0105cy \u017c\u0105danie mo\u017cne z\u0142o\u017cy\u0107 skarg\u0119 w sprawie zapewniana dost\u0119pno\u015bci cyfrowej strony internetowej lub elementu strony internetowej.<br \/>\nPo wyczerpaniu wskazanej wy\u017cej procedury mo\u017cna tak\u017ce z\u0142o\u017cy\u0107 wniosek do Rzecznika Praw Obywatelskich.<br \/>\nLink do strony Rzecznika Praw Obywatelskich: https:\/\/www.rpo.gov.pl\/pl<\/p>\n<h2 id=\"a11y-architektura\">Dost\u0119pno\u015b\u0107 architektoniczna<\/h2>\n<p>Centrum Kultury i Sportu w Pruszczu Gda\u0144skim, ul. Fryderyka Chopina 34, 83-000 Pruszcz Gda\u0144ski.<br \/>\nDo budynku prowadz\u0105 trzy wej\u015bcia: jedno od strony ul. Fryderyka Chopina i dwa od strony parkingu.<br \/>\nPrzy wej\u015bciu od ul. Fryderyka Chopina prowadz\u0105 schody oraz podjazd dla w\u00f3zk\u00f3w. Drzwi w\u0105skie dwuskrzyd\u0142owe z mo\u017cliwo\u015bci\u0105 otworzenia dla w\u00f3zka. Wej\u015bciem mo\u017cna si\u0119 dosta\u0107 na pierwsze oraz drugie pi\u0119tro.<br \/>\nWej\u015bcie na parter (od strony parkingu) nie ma ogranicze\u0144 dla w\u00f3zk\u00f3w w postaci schod\u00f3w i w\u0105skich drzwi. Platforma osobowa prowadzi z parteru do cz\u0119\u015bci pomieszcze\u0144 na pierwszym pi\u0119trze.<br \/>\nDrugie wej\u015bcie od strony parkingu prowadzi klatk\u0105 schodow\u0105 na pierwsze i drugie pi\u0119tro: schodami i wind\u0105.<br \/>\nW budynku nie ma u\u0142atwie\u0144 dla os\u00f3b niewidomych i s\u0142abowidz\u0105cych.<br \/>\nToaleta dla os\u00f3b niepe\u0142nosprawnych znajduje si\u0119 na parterze i pierwszym pi\u0119trze.<br \/>\nParking zewn\u0119trzny przy budynku jest dost\u0119pny dla os\u00f3b trzecich (bezp\u0142atny). Przed budynkiem wyznaczono miejsce parkingowe dla os\u00f3b niepe\u0142nosprawnych.<br \/>\nDo budynku i wszystkich jego pomieszcze\u0144 mo\u017cna wej\u015b\u0107 z psem asystuj\u0105cym i psem przewodnikiem.<br \/>\nW budynku nie ma p\u0119tli indukcyjnych.<br \/>\nW budynku nie ma oznacze\u0144 w alfabecie brajla poza przyciskami w windzie prowadz\u0105cej na pierwsze i drugie pi\u0119tro. Nie ma oznacze\u0144 kontrastowych lub w druku powi\u0119kszonym dla os\u00f3b niewidomych i s\u0142abowidz\u0105cych.<br \/>\nNie ma mo\u017cliwo\u015bci skorzystania z t\u0142umacza j\u0119zyka migowego na miejscu lub online.<\/p>\n<h2 id=\"a11y-aplikacje\">Aplikacje mobilne<\/h2>\n<p>Centrum Kultury i Sportu nie posiada aplikacji mobilnych.<\/p>\n","protected":false},"excerpt":{"rendered":"<p>Deklaracja dost\u0119pno\u015bci Centrum Kultury i Sportu w Pruszczu Gda\u0144skim zobowi\u0105zuje si\u0119 zapewni\u0107 dost\u0119pno\u015b\u0107 swojej strony internetowej zgodnie z ustaw\u0105 z dnia 4 kwietnia 2019 r. o dost\u0119pno\u015bci cyfrowej stron internetowych i aplikacji mobilnych podmiot\u00f3w publicznych. O\u015bwiadczenie <a class=\"more-link\" href=\"https:\/\/faktoria-pruszcz.pl\/?page_id=6377?p=m\">Czytaj dalej&#8230;<\/a><\/p>\n","protected":false},"author":5,"featured_media":0,"parent":0,"menu_order":0,"comment_status":"closed","ping_status":"closed","template":"","meta":{"ngg_post_thumbnail":0,"footnotes":""},"class_list":["post-6377","page","type-page","status-publish","hentry"],"_links":{"self":[{"href":"https:\/\/faktoria-pruszcz.pl\/index.php?rest_route=\/wp\/v2\/pages\/6377","targetHints":{"allow":["GET"]}}],"collection":[{"href":"https:\/\/faktoria-pruszcz.pl\/index.php?rest_route=\/wp\/v2\/pages"}],"about":[{"href":"https:\/\/faktoria-pruszcz.pl\/index.php?rest_route=\/wp\/v2\/types\/page"}],"author":[{"embeddable":true,"href":"https:\/\/faktoria-pruszcz.pl\/index.php?rest_route=\/wp\/v2\/users\/5"}],"replies":[{"embeddable":true,"href":"https:\/\/faktoria-pruszcz.pl\/index.php?rest_route=%2Fwp%2Fv2%2Fcomments&post=6377"}],"version-history":[{"count":2,"href":"https:\/\/faktoria-pruszcz.pl\/index.php?rest_route=\/wp\/v2\/pages\/6377\/revisions"}],"predecessor-version":[{"id":7402,"href":"https:\/\/faktoria-pruszcz.pl\/index.php?rest_route=\/wp\/v2\/pages\/6377\/revisions\/7402"}],"wp:attachment":[{"href":"https:\/\/faktoria-pruszcz.pl\/index.php?rest_route=%2Fwp%2Fv2%2Fmedia&parent=6377"}],"curies":[{"name":"wp","href":"https:\/\/api.w.org\/{rel}","templated":true}]}}